{"id":540,"date":"2021-07-17T13:08:12","date_gmt":"2021-07-17T11:08:12","guid":{"rendered":"https:\/\/www.easybadge.net\/?page_id=540"},"modified":"2025-01-26T12:09:28","modified_gmt":"2025-01-26T11:09:28","slug":"api-v1-0","status":"publish","type":"page","link":"https:\/\/www.easybadge.net\/it_it\/api-v1-0\/","title":{"rendered":"EasyBadge Development API V1.0"},"content":{"rendered":"\t\t<div data-elementor-type=\"wp-page\" data-elementor-id=\"540\" class=\"elementor elementor-540\" data-elementor-post-type=\"page\">\n\t\t\t\t\t\t<section class=\"elementor-section elementor-top-section elementor-element elementor-element-41cadee elementor-section-full_width elementor-section-height-default elementor-section-height-default\" data-id=\"41cadee\" data-element_type=\"section\" data-e-type=\"section\">\n\t\t\t\t\t\t<div class=\"elementor-container elementor-column-gap-default\">\n\t\t\t\t\t<div class=\"elementor-column elementor-col-100 elementor-top-column elementor-element elementor-element-056436c\" data-id=\"056436c\" data-element_type=\"column\" data-e-type=\"column\">\n\t\t\t<div class=\"elementor-widget-wrap\">\n\t\t\t\t\t\t\t<\/div>\n\t\t<\/div>\n\t\t\t\t\t<\/div>\n\t\t<\/section>\n\t\t\t\t<section class=\"elementor-section elementor-top-section elementor-element elementor-element-28af823 elementor-section-boxed elementor-section-height-default elementor-section-height-default\" data-id=\"28af823\" data-element_type=\"section\" data-e-type=\"section\">\n\t\t\t\t\t\t<div class=\"elementor-container elementor-column-gap-default\">\n\t\t\t\t\t<div class=\"elementor-column elementor-col-50 elementor-top-column elementor-element elementor-element-7f28e8f\" data-id=\"7f28e8f\" data-element_type=\"column\" data-e-type=\"column\">\n\t\t\t<div class=\"elementor-widget-wrap elementor-element-populated\">\n\t\t\t\t\t\t<div class=\"elementor-element elementor-element-58a203e elementor-widget elementor-widget-image\" data-id=\"58a203e\" data-element_type=\"widget\" data-e-type=\"widget\" data-widget_type=\"image.default\">\n\t\t\t\t<div class=\"elementor-widget-container\">\n\t\t\t\t\t\t\t\t\t\t\t\t\t\t\t<img fetchpriority=\"high\" decoding=\"async\" width=\"800\" height=\"800\" src=\"https:\/\/www.easybadge.net\/wp-content\/uploads\/2025\/01\/DALL\u00b7E-2025-01-26-12.06.31-A-modern-clean-and-minimalistic-icon-representing-API-development-for-a-tech-website.-The-icon-features-interconnected-nodes-and-a-gear-symbol-symb.webp\" class=\"attachment-large size-large wp-image-2767\" alt=\"API development\" srcset=\"https:\/\/www.easybadge.net\/wp-content\/uploads\/2025\/01\/DALL\u00b7E-2025-01-26-12.06.31-A-modern-clean-and-minimalistic-icon-representing-API-development-for-a-tech-website.-The-icon-features-interconnected-nodes-and-a-gear-symbol-symb.webp 1024w, https:\/\/www.easybadge.net\/wp-content\/uploads\/2025\/01\/DALL\u00b7E-2025-01-26-12.06.31-A-modern-clean-and-minimalistic-icon-representing-API-development-for-a-tech-website.-The-icon-features-interconnected-nodes-and-a-gear-symbol-symb-300x300.webp 300w, https:\/\/www.easybadge.net\/wp-content\/uploads\/2025\/01\/DALL\u00b7E-2025-01-26-12.06.31-A-modern-clean-and-minimalistic-icon-representing-API-development-for-a-tech-website.-The-icon-features-interconnected-nodes-and-a-gear-symbol-symb-150x150.webp 150w, https:\/\/www.easybadge.net\/wp-content\/uploads\/2025\/01\/DALL\u00b7E-2025-01-26-12.06.31-A-modern-clean-and-minimalistic-icon-representing-API-development-for-a-tech-website.-The-icon-features-interconnected-nodes-and-a-gear-symbol-symb-768x768.webp 768w, https:\/\/www.easybadge.net\/wp-content\/uploads\/2025\/01\/DALL\u00b7E-2025-01-26-12.06.31-A-modern-clean-and-minimalistic-icon-representing-API-development-for-a-tech-website.-The-icon-features-interconnected-nodes-and-a-gear-symbol-symb-12x12.webp 12w, https:\/\/www.easybadge.net\/wp-content\/uploads\/2025\/01\/DALL\u00b7E-2025-01-26-12.06.31-A-modern-clean-and-minimalistic-icon-representing-API-development-for-a-tech-website.-The-icon-features-interconnected-nodes-and-a-gear-symbol-symb-600x600.webp 600w\" sizes=\"(max-width: 800px) 100vw, 800px\" \/>\t\t\t\t\t\t\t\t\t\t\t\t\t\t\t<\/div>\n\t\t\t\t<\/div>\n\t\t\t\t\t<\/div>\n\t\t<\/div>\n\t\t\t\t<div class=\"elementor-column elementor-col-50 elementor-top-column elementor-element elementor-element-7bce692\" data-id=\"7bce692\" data-element_type=\"column\" data-e-type=\"column\">\n\t\t\t<div class=\"elementor-widget-wrap elementor-element-populated\">\n\t\t\t\t\t\t<div class=\"elementor-element elementor-element-b99209f elementor-widget elementor-widget-heading\" data-id=\"b99209f\" data-element_type=\"widget\" data-e-type=\"widget\" data-widget_type=\"heading.default\">\n\t\t\t\t<div class=\"elementor-widget-container\">\n\t\t\t\t\t<h1 class=\"elementor-heading-title elementor-size-default\">API V1.01<\/h1>\t\t\t\t<\/div>\n\t\t\t\t<\/div>\n\t\t\t\t<div class=\"elementor-element elementor-element-cd531e8 elementor-widget elementor-widget-text-editor\" data-id=\"cd531e8\" data-element_type=\"widget\" data-e-type=\"widget\" data-widget_type=\"text-editor.default\">\n\t\t\t\t<div class=\"elementor-widget-container\">\n\t\t\t\t\t\t\t\t\t<p>Rev.1.01a&nbsp; Dec 2024<\/p>\t\t\t\t\t\t\t\t<\/div>\n\t\t\t\t<\/div>\n\t\t\t\t<div class=\"elementor-element elementor-element-49fb103 elementor-widget elementor-widget-heading\" data-id=\"49fb103\" data-element_type=\"widget\" data-e-type=\"widget\" data-widget_type=\"heading.default\">\n\t\t\t\t<div class=\"elementor-widget-container\">\n\t\t\t\t\t<h2 class=\"elementor-heading-title elementor-size-default\">A chi si rivolge<\/h2>\t\t\t\t<\/div>\n\t\t\t\t<\/div>\n\t\t\t\t<div class=\"elementor-element elementor-element-d8823bd elementor-widget elementor-widget-text-editor\" data-id=\"d8823bd\" data-element_type=\"widget\" data-e-type=\"widget\" data-widget_type=\"text-editor.default\">\n\t\t\t\t<div class=\"elementor-widget-container\">\n\t\t\t\t\t\t\t\t\t<p>Questa sezione \u00e8 principalmente indicata<strong> a chi vuole sviluppare software e hardware<\/strong>, per migliorare le performance e l`utilit\u00e0 dell`applicazione.&nbsp;<\/p>\n<p>La strategia di EasyBadge, \u00e8 di collaborare nel realizzare hardware e software, per fidelizzare i clienti. La soluzione&nbsp; migliore \u00e8 dedicarsi all&#8217;ottimizzazione del cliente e dare la possibilit\u00e0 di implementare, soluzioni&nbsp; come EasyBadge.net&nbsp;<\/p>\n<p>GaPO: al momento \u00e8 in sviluppo una RaspBerry, per poter condividere localmente i dati personali de EasyBadge con l&#8217;interno dell&#8217;azienda e comunicare con verso EasyBadge direttamente. Verr\u00e0 dedicata una sezione a tal dispositivo.<\/p>\t\t\t\t\t\t\t\t<\/div>\n\t\t\t\t<\/div>\n\t\t\t\t\t<\/div>\n\t\t<\/div>\n\t\t\t\t\t<\/div>\n\t\t<\/section>\n\t\t\t\t<section class=\"elementor-section elementor-top-section elementor-element elementor-element-4c3fe1e elementor-section-boxed elementor-section-height-default elementor-section-height-default\" data-id=\"4c3fe1e\" data-element_type=\"section\" data-e-type=\"section\">\n\t\t\t\t\t\t<div class=\"elementor-container elementor-column-gap-default\">\n\t\t\t\t\t<div class=\"elementor-column elementor-col-50 elementor-top-column elementor-element elementor-element-9e2c736\" data-id=\"9e2c736\" data-element_type=\"column\" data-e-type=\"column\">\n\t\t\t<div class=\"elementor-widget-wrap elementor-element-populated\">\n\t\t\t\t\t\t<div class=\"elementor-element elementor-element-23869fe elementor-widget elementor-widget-heading\" data-id=\"23869fe\" data-element_type=\"widget\" data-e-type=\"widget\" data-widget_type=\"heading.default\">\n\t\t\t\t<div class=\"elementor-widget-container\">\n\t\t\t\t\t<h2 class=\"elementor-heading-title elementor-size-default\">A che cosa serve<\/h2>\t\t\t\t<\/div>\n\t\t\t\t<\/div>\n\t\t\t\t<div class=\"elementor-element elementor-element-a9c6a02 elementor-widget elementor-widget-text-editor\" data-id=\"a9c6a02\" data-element_type=\"widget\" data-e-type=\"widget\" data-widget_type=\"text-editor.default\">\n\t\t\t\t<div class=\"elementor-widget-container\">\n\t\t\t\t\t\t\t\t\t<p>L`integrazione dispositivi, con le informazioni EasyBADGE, consentono di <strong>migliorare l`esperienza\u00a0<\/strong> visitatore,\u00a0 ospiti\u00a0 e chiunque interagisce con il cliente.<\/p><p>Il servizio\u00a0 EasyBADGE, vuole crescere e rilasciare moduli atti a semplificare, complesse procedure e permette al cliente di concentrarsi sulle cose importanti.\u00a0<\/p>\t\t\t\t\t\t\t\t<\/div>\n\t\t\t\t<\/div>\n\t\t\t\t<div class=\"elementor-element elementor-element-2dc3e1f elementor-align-justify elementor-widget elementor-widget-button\" data-id=\"2dc3e1f\" data-element_type=\"widget\" data-e-type=\"widget\" data-widget_type=\"button.default\">\n\t\t\t\t<div class=\"elementor-widget-container\">\n\t\t\t\t\t\t\t\t\t<div class=\"elementor-button-wrapper\">\n\t\t\t\t\t<a class=\"elementor-button elementor-button-link elementor-size-md\" href=\"https:\/\/api.easybadge.net\" target=\"_blank\">\n\t\t\t\t\t\t<span class=\"elementor-button-content-wrapper\">\n\t\t\t\t\t\t<span class=\"elementor-button-icon\">\n\t\t\t\t<i aria-hidden=\"true\" class=\"fas fa-fan\"><\/i>\t\t\t<\/span>\n\t\t\t\t\t\t\t\t\t<span class=\"elementor-button-text\">API go!<\/span>\n\t\t\t\t\t<\/span>\n\t\t\t\t\t<\/a>\n\t\t\t\t<\/div>\n\t\t\t\t\t\t\t\t<\/div>\n\t\t\t\t<\/div>\n\t\t\t\t\t<\/div>\n\t\t<\/div>\n\t\t\t\t<div class=\"elementor-column elementor-col-50 elementor-top-column elementor-element elementor-element-44957e0\" data-id=\"44957e0\" data-element_type=\"column\" data-e-type=\"column\">\n\t\t\t<div class=\"elementor-widget-wrap elementor-element-populated\">\n\t\t\t\t\t\t<div class=\"elementor-element elementor-element-3d114c5 elementor-widget elementor-widget-image\" data-id=\"3d114c5\" data-element_type=\"widget\" data-e-type=\"widget\" data-widget_type=\"image.default\">\n\t\t\t\t<div class=\"elementor-widget-container\">\n\t\t\t\t\t\t\t\t\t\t\t\t\t\t\t<img decoding=\"async\" width=\"768\" height=\"512\" src=\"https:\/\/www.easybadge.net\/wp-content\/uploads\/2021\/07\/covid-pass-picjumbo-com-768x512.jpg\" class=\"attachment-medium_large size-medium_large wp-image-601\" alt=\"Covid pass green and valid\" srcset=\"https:\/\/www.easybadge.net\/wp-content\/uploads\/2021\/07\/covid-pass-picjumbo-com-768x512.jpg 768w, https:\/\/www.easybadge.net\/wp-content\/uploads\/2021\/07\/covid-pass-picjumbo-com-scaled-600x400.jpg 600w, https:\/\/www.easybadge.net\/wp-content\/uploads\/2021\/07\/covid-pass-picjumbo-com-300x200.jpg 300w, https:\/\/www.easybadge.net\/wp-content\/uploads\/2021\/07\/covid-pass-picjumbo-com-1024x683.jpg 1024w, https:\/\/www.easybadge.net\/wp-content\/uploads\/2021\/07\/covid-pass-picjumbo-com-1536x1024.jpg 1536w, https:\/\/www.easybadge.net\/wp-content\/uploads\/2021\/07\/covid-pass-picjumbo-com-2048x1365.jpg 2048w, https:\/\/www.easybadge.net\/wp-content\/uploads\/2021\/07\/covid-pass-picjumbo-com-16x12.jpg 16w\" sizes=\"(max-width: 768px) 100vw, 768px\" \/>\t\t\t\t\t\t\t\t\t\t\t\t\t\t\t<\/div>\n\t\t\t\t<\/div>\n\t\t\t\t\t<\/div>\n\t\t<\/div>\n\t\t\t\t\t<\/div>\n\t\t<\/section>\n\t\t\t\t<section class=\"elementor-section elementor-top-section elementor-element elementor-element-d74a857 elementor-section-boxed elementor-section-height-default elementor-section-height-default\" data-id=\"d74a857\" data-element_type=\"section\" data-e-type=\"section\">\n\t\t\t\t\t\t<div class=\"elementor-container elementor-column-gap-default\">\n\t\t\t\t\t<div class=\"elementor-column elementor-col-100 elementor-top-column elementor-element elementor-element-3493f44\" data-id=\"3493f44\" data-element_type=\"column\" data-e-type=\"column\">\n\t\t\t<div class=\"elementor-widget-wrap elementor-element-populated\">\n\t\t\t\t\t\t<div class=\"elementor-element elementor-element-3a0be3b elementor-widget elementor-widget-heading\" data-id=\"3a0be3b\" data-element_type=\"widget\" data-e-type=\"widget\" data-widget_type=\"heading.default\">\n\t\t\t\t<div class=\"elementor-widget-container\">\n\t\t\t\t\t<h2 class=\"elementor-heading-title elementor-size-default\">Quando serve<\/h2>\t\t\t\t<\/div>\n\t\t\t\t<\/div>\n\t\t\t\t<div class=\"elementor-element elementor-element-1654703 elementor-widget elementor-widget-text-editor\" data-id=\"1654703\" data-element_type=\"widget\" data-e-type=\"widget\" data-widget_type=\"text-editor.default\">\n\t\t\t\t<div class=\"elementor-widget-container\">\n\t\t\t\t\t\t\t\t\t<p>Nell&#8217;interesse\u00a0 dell&#8217;utilizzo della procedura Web di EasyBADGE \u00e8 possibile realizzare o avvantaggiarsi di quello che altri possano realizzare, per competere al meglio sul mercato. Allo stato attuale le API, con l&#8217;ausilio di una libreria semplice REST client,\u00a0 permette di:<\/p><ul><li>Disegnare una\u00a0 APP, con autenticazione<ul><li>lista dei siti<\/li><li>lista dei BADGE<\/li><li>confermare ingresso\/uscita BADGE, con\u00a0 codice a barre<\/li><li>cercare il BADGE tramite tag RFID (in sviluppo)<\/li><li>cercare il BADGE tramite tag NFC (in sviluppo)<\/li><\/ul><\/li><li>Creare dispositivi per:<ul><li>tornello IN OUT (in sviluppo)\u00a0<\/li><li>una scansione di una targa (in sviluppo)<\/li><\/ul><\/li><\/ul><p>il resto \u00e8&#8230;.<\/p>\t\t\t\t\t\t\t\t<\/div>\n\t\t\t\t<\/div>\n\t\t\t\t\t<\/div>\n\t\t<\/div>\n\t\t\t\t\t<\/div>\n\t\t<\/section>\n\t\t\t\t<section class=\"elementor-section elementor-top-section elementor-element elementor-element-6f136af elementor-section-boxed elementor-section-height-default elementor-section-height-default\" data-id=\"6f136af\" data-element_type=\"section\" data-e-type=\"section\">\n\t\t\t\t\t\t<div class=\"elementor-container elementor-column-gap-default\">\n\t\t\t\t\t<div class=\"elementor-column elementor-col-100 elementor-top-column elementor-element elementor-element-61c9c01\" data-id=\"61c9c01\" data-element_type=\"column\" data-e-type=\"column\">\n\t\t\t<div class=\"elementor-widget-wrap elementor-element-populated\">\n\t\t\t\t\t\t<div class=\"elementor-element elementor-element-cd86ff8 elementor-widget elementor-widget-heading\" data-id=\"cd86ff8\" data-element_type=\"widget\" data-e-type=\"widget\" data-widget_type=\"heading.default\">\n\t\t\t\t<div class=\"elementor-widget-container\">\n\t\t\t\t\t<h2 class=\"elementor-heading-title elementor-size-default\">Dove<\/h2>\t\t\t\t<\/div>\n\t\t\t\t<\/div>\n\t\t\t\t<div class=\"elementor-element elementor-element-f47038b elementor-widget elementor-widget-text-editor\" data-id=\"f47038b\" data-element_type=\"widget\" data-e-type=\"widget\" data-widget_type=\"text-editor.default\">\n\t\t\t\t<div class=\"elementor-widget-container\">\n\t\t\t\t\t\t\t\t\t<p>Ogni sito pu\u00f2 avere una moltitudine di sistemi ad ausilio del fine medesimo, ed ognuno specializzato a risolvere uno o pi\u00f9 problemi.<\/p><p>L&#8217;importante \u00e8 dedicare promozione alla realizzazione di un impianto<\/p>\t\t\t\t\t\t\t\t<\/div>\n\t\t\t\t<\/div>\n\t\t\t\t\t<\/div>\n\t\t<\/div>\n\t\t\t\t\t<\/div>\n\t\t<\/section>\n\t\t\t\t<section class=\"elementor-section elementor-top-section elementor-element elementor-element-43a62cf elementor-section-boxed elementor-section-height-default elementor-section-height-default\" data-id=\"43a62cf\" data-element_type=\"section\" data-e-type=\"section\">\n\t\t\t\t\t\t<div class=\"elementor-container elementor-column-gap-default\">\n\t\t\t\t\t<div class=\"elementor-column elementor-col-50 elementor-top-column elementor-element elementor-element-509ddbb\" data-id=\"509ddbb\" data-element_type=\"column\" data-e-type=\"column\">\n\t\t\t<div class=\"elementor-widget-wrap elementor-element-populated\">\n\t\t\t\t\t\t<div class=\"elementor-element elementor-element-86cc4cd elementor-widget elementor-widget-heading\" data-id=\"86cc4cd\" data-element_type=\"widget\" data-e-type=\"widget\" data-widget_type=\"heading.default\">\n\t\t\t\t<div class=\"elementor-widget-container\">\n\t\t\t\t\t<h2 class=\"elementor-heading-title elementor-size-default\">Perch\u00e9:<\/h2>\t\t\t\t<\/div>\n\t\t\t\t<\/div>\n\t\t\t\t<div class=\"elementor-element elementor-element-cd99397 elementor-widget elementor-widget-image\" data-id=\"cd99397\" data-element_type=\"widget\" data-e-type=\"widget\" data-widget_type=\"image.default\">\n\t\t\t\t<div class=\"elementor-widget-container\">\n\t\t\t\t\t\t\t\t\t\t\t\t\t\t\t<img decoding=\"async\" src=\"https:\/\/www.easybadge.net\/wp-content\/uploads\/2021\/04\/leather-bound-journal-and-mobile-phone-scaled-1.jpg\" title=\"\" alt=\"\" loading=\"lazy\" \/>\t\t\t\t\t\t\t\t\t\t\t\t\t\t\t<\/div>\n\t\t\t\t<\/div>\n\t\t\t\t\t<\/div>\n\t\t<\/div>\n\t\t\t\t<div class=\"elementor-column elementor-col-50 elementor-top-column elementor-element elementor-element-e606996\" data-id=\"e606996\" data-element_type=\"column\" data-e-type=\"column\">\n\t\t\t<div class=\"elementor-widget-wrap elementor-element-populated\">\n\t\t\t\t\t\t<div class=\"elementor-element elementor-element-7539215 elementor-widget elementor-widget-text-editor\" data-id=\"7539215\" data-element_type=\"widget\" data-e-type=\"widget\" data-widget_type=\"text-editor.default\">\n\t\t\t\t<div class=\"elementor-widget-container\">\n\t\t\t\t\t\t\t\t\t<h2>La collaborazione tra sistemi \u00e8 la forma attuale, maggiormente promozionale nel mondo dei servizi e industria.\u00a0<\/h2><h3>Il creare sistemi su servizi e la <strong>promozione reciproca ha un valore 10 volte superiore a fare tutto da soli<\/strong>. Usiamo le API e un servizio software che ogni giorno si potenzia e si migliora cos\u00ec da avere un prodotto di successo in minor tempo e investimenti.<\/h3>\t\t\t\t\t\t\t\t<\/div>\n\t\t\t\t<\/div>\n\t\t\t\t\t<\/div>\n\t\t<\/div>\n\t\t\t\t\t<\/div>\n\t\t<\/section>\n\t\t\t\t<section class=\"elementor-section elementor-top-section elementor-element elementor-element-645cb71 elementor-section-boxed elementor-section-height-default elementor-section-height-default\" data-id=\"645cb71\" data-element_type=\"section\" data-e-type=\"section\">\n\t\t\t\t\t\t<div class=\"elementor-container elementor-column-gap-default\">\n\t\t\t\t\t<div class=\"elementor-column elementor-col-50 elementor-top-column elementor-element elementor-element-a4fea8b\" data-id=\"a4fea8b\" data-element_type=\"column\" data-e-type=\"column\">\n\t\t\t<div class=\"elementor-widget-wrap elementor-element-populated\">\n\t\t\t\t\t\t<div class=\"elementor-element elementor-element-2e30fdd elementor-widget elementor-widget-heading\" data-id=\"2e30fdd\" data-element_type=\"widget\" data-e-type=\"widget\" data-widget_type=\"heading.default\">\n\t\t\t\t<div class=\"elementor-widget-container\">\n\t\t\t\t\t<h2 class=\"elementor-heading-title elementor-size-default\">Come<\/h2>\t\t\t\t<\/div>\n\t\t\t\t<\/div>\n\t\t\t\t<div class=\"elementor-element elementor-element-03f20d1 elementor-widget elementor-widget-text-editor\" data-id=\"03f20d1\" data-element_type=\"widget\" data-e-type=\"widget\" data-widget_type=\"text-editor.default\">\n\t\t\t\t<div class=\"elementor-widget-container\">\n\t\t\t\t\t\t\t\t\t<p>Apri il portale API con le credenziali con cui accedi al servizio EasyBADGE, registra i tuoi dispositivi e richiedi le chiavi credenziali\u00a0 per essi.\u00a0<\/p>\t\t\t\t\t\t\t\t<\/div>\n\t\t\t\t<\/div>\n\t\t\t\t\t<\/div>\n\t\t<\/div>\n\t\t\t\t<div class=\"elementor-column elementor-col-50 elementor-top-column elementor-element elementor-element-d0ecb6d\" data-id=\"d0ecb6d\" data-element_type=\"column\" data-e-type=\"column\">\n\t\t\t<div class=\"elementor-widget-wrap elementor-element-populated\">\n\t\t\t\t\t\t<div class=\"elementor-element elementor-element-6eae57e elementor-align-center elementor-widget elementor-widget-button\" data-id=\"6eae57e\" data-element_type=\"widget\" data-e-type=\"widget\" data-widget_type=\"button.default\">\n\t\t\t\t<div class=\"elementor-widget-container\">\n\t\t\t\t\t\t\t\t\t<div class=\"elementor-button-wrapper\">\n\t\t\t\t\t<a class=\"elementor-button elementor-button-link elementor-size-md\" href=\"https:\/\/api.easybadge.net\" target=\"_blank\">\n\t\t\t\t\t\t<span class=\"elementor-button-content-wrapper\">\n\t\t\t\t\t\t<span class=\"elementor-button-icon\">\n\t\t\t\t<i aria-hidden=\"true\" class=\"fas fa-fan\"><\/i>\t\t\t<\/span>\n\t\t\t\t\t\t\t\t\t<span class=\"elementor-button-text\">API go!<\/span>\n\t\t\t\t\t<\/span>\n\t\t\t\t\t<\/a>\n\t\t\t\t<\/div>\n\t\t\t\t\t\t\t\t<\/div>\n\t\t\t\t<\/div>\n\t\t\t\t\t<\/div>\n\t\t<\/div>\n\t\t\t\t\t<\/div>\n\t\t<\/section>\n\t\t\t\t<\/div>\n\t\t","protected":false},"excerpt":{"rendered":"<p>API V1.01 Rev.1.01a&nbsp; Dec 2024 A chi si rivolge Questa sezione \u00e8 principalmente indicata a chi vuole sviluppare software e hardware, per migliorare le performance e l`utilit\u00e0 dell`applicazione.&nbsp; La strategia di EasyBadge, \u00e8 di collaborare nel realizzare hardware e software, per fidelizzare i clienti. La soluzione&nbsp; migliore \u00e8 dedicarsi all&#8217;ottimizzazione del cliente e dare la [&hellip;]<\/p>\n","protected":false},"author":1,"featured_media":2767,"parent":0,"menu_order":0,"comment_status":"closed","ping_status":"closed","template":"","meta":{"_monsterinsights_skip_tracking":false,"_monsterinsights_sitenote_active":false,"_monsterinsights_sitenote_note":"","_monsterinsights_sitenote_category":0,"iawp_total_views":143,"footnotes":""},"class_list":["post-540","page","type-page","status-publish","has-post-thumbnail","hentry"],"aioseo_notices":[],"_links":{"self":[{"href":"https:\/\/www.easybadge.net\/it_it\/wp-json\/wp\/v2\/pages\/540","targetHints":{"allow":["GET"]}}],"collection":[{"href":"https:\/\/www.easybadge.net\/it_it\/wp-json\/wp\/v2\/pages"}],"about":[{"href":"https:\/\/www.easybadge.net\/it_it\/wp-json\/wp\/v2\/types\/page"}],"author":[{"embeddable":true,"href":"https:\/\/www.easybadge.net\/it_it\/wp-json\/wp\/v2\/users\/1"}],"replies":[{"embeddable":true,"href":"https:\/\/www.easybadge.net\/it_it\/wp-json\/wp\/v2\/comments?post=540"}],"version-history":[{"count":72,"href":"https:\/\/www.easybadge.net\/it_it\/wp-json\/wp\/v2\/pages\/540\/revisions"}],"predecessor-version":[{"id":2771,"href":"https:\/\/www.easybadge.net\/it_it\/wp-json\/wp\/v2\/pages\/540\/revisions\/2771"}],"wp:featuredmedia":[{"embeddable":true,"href":"https:\/\/www.easybadge.net\/it_it\/wp-json\/wp\/v2\/media\/2767"}],"wp:attachment":[{"href":"https:\/\/www.easybadge.net\/it_it\/wp-json\/wp\/v2\/media?parent=540"}],"curies":[{"name":"wp","href":"https:\/\/api.w.org\/{rel}","templated":true}]}}