{"id":3573,"date":"2025-10-06T18:37:25","date_gmt":"2025-10-06T16:37:25","guid":{"rendered":"https:\/\/www.easybadge.net\/?page_id=3573"},"modified":"2025-12-16T10:27:02","modified_gmt":"2025-12-16T09:27:02","slug":"eliminazione-dati-utenti","status":"publish","type":"page","link":"https:\/\/www.easybadge.net\/it_it\/eliminazione-dati-utenti\/","title":{"rendered":"Eliminazione dati utenti"},"content":{"rendered":"\t\t<div data-elementor-type=\"wp-page\" data-elementor-id=\"3573\" class=\"elementor elementor-3573\" data-elementor-post-type=\"page\">\n\t\t\t\t\t\t<section class=\"elementor-section elementor-top-section elementor-element elementor-element-f6c3b3e elementor-section-boxed elementor-section-height-default elementor-section-height-default\" data-id=\"f6c3b3e\" data-element_type=\"section\" data-e-type=\"section\">\n\t\t\t\t\t\t<div class=\"elementor-container elementor-column-gap-default\">\n\t\t\t\t\t<div class=\"elementor-column elementor-col-100 elementor-top-column elementor-element elementor-element-5e1b634\" data-id=\"5e1b634\" data-element_type=\"column\" data-e-type=\"column\">\n\t\t\t<div class=\"elementor-widget-wrap elementor-element-populated\">\n\t\t\t\t\t\t<div class=\"elementor-element elementor-element-b689227 elementor-widget elementor-widget-heading\" data-id=\"b689227\" data-element_type=\"widget\" data-e-type=\"widget\" data-widget_type=\"heading.default\">\n\t\t\t\t<div class=\"elementor-widget-container\">\n\t\t\t\t\t<h3 class=\"elementor-heading-title elementor-size-default\">Privacy - Pianificazione<\/h3>\t\t\t\t<\/div>\n\t\t\t\t<\/div>\n\t\t\t\t<div class=\"elementor-element elementor-element-fc2b069 elementor-widget elementor-widget-heading\" data-id=\"fc2b069\" data-element_type=\"widget\" data-e-type=\"widget\" data-widget_type=\"heading.default\">\n\t\t\t\t<div class=\"elementor-widget-container\">\n\t\t\t\t\t<h2 class=\"elementor-heading-title elementor-size-default\">Eliminazione dei dati dell'utente<\/h2>\t\t\t\t<\/div>\n\t\t\t\t<\/div>\n\t\t\t\t<div class=\"elementor-element elementor-element-0f1b5f5 elementor-widget elementor-widget-text-editor\" data-id=\"0f1b5f5\" data-element_type=\"widget\" data-e-type=\"widget\" data-widget_type=\"text-editor.default\">\n\t\t\t\t<div class=\"elementor-widget-container\">\n\t\t\t\t\t\t\t\t\tI dati personali sono come chiavi della nostra identit\u00e0: devono essere custoditi con cura e restituiti quando non servono pi\u00f9. La loro cancellazione definitiva non \u00e8 un\u2019opzione, ma un impegno concreto per proteggere la libert\u00e0 e la sicurezza di chi ci affida le proprie informazioni.\t\t\t\t\t\t\t\t<\/div>\n\t\t\t\t<\/div>\n\t\t\t\t<div class=\"elementor-element elementor-element-7d16fd7 elementor-widget elementor-widget-heading\" data-id=\"7d16fd7\" data-element_type=\"widget\" data-e-type=\"widget\" data-widget_type=\"heading.default\">\n\t\t\t\t<div class=\"elementor-widget-container\">\n\t\t\t\t\t<h3 class=\"elementor-heading-title elementor-size-default\">Cosa significa \u201ccancellazione definitiva dei dati\u201d secondo il GDPR (Regolamento UE 2016\/679), perch\u00e9 \u00e8 un tema centrale sia dal punto di vista legale sia da quello etico e tecnico.<\/h3>\t\t\t\t<\/div>\n\t\t\t\t<\/div>\n\t\t\t\t<div class=\"elementor-element elementor-element-c98d9e9 elementor-widget elementor-widget-heading\" data-id=\"c98d9e9\" data-element_type=\"widget\" data-e-type=\"widget\" data-widget_type=\"heading.default\">\n\t\t\t\t<div class=\"elementor-widget-container\">\n\t\t\t\t\t<h3 class=\"elementor-heading-title elementor-size-default\">l diritto alla cancellazione (\u201cdiritto all\u2019oblio\u201d)<\/h3>\t\t\t\t<\/div>\n\t\t\t\t<\/div>\n\t\t\t\t<div class=\"elementor-element elementor-element-0dccbe2 elementor-widget elementor-widget-text-editor\" data-id=\"0dccbe2\" data-element_type=\"widget\" data-e-type=\"widget\" data-widget_type=\"text-editor.default\">\n\t\t\t\t<div class=\"elementor-widget-container\">\n\t\t\t\t\t\t\t\t\tIl GDPR, all\u2019articolo 17, riconosce a ogni cittadino dell\u2019Unione Europea il cosiddetto \u201cdiritto alla cancellazione\u201d o \u201cdiritto all\u2019oblio\u201d.\nSignifica che l\u2019interessato pu\u00f2 chiedere che i propri dati personali siano eliminati in modo definitivo dai sistemi dell\u2019organizzazione che li ha raccolti, e quest\u2019ultima ha l\u2019obbligo di farlo senza ingiustificato ritardo, salvo alcune eccezioni.\t\t\t\t\t\t\t\t<\/div>\n\t\t\t\t<\/div>\n\t\t\t\t\t<\/div>\n\t\t<\/div>\n\t\t\t\t\t<\/div>\n\t\t<\/section>\n\t\t\t\t<section class=\"elementor-section elementor-top-section elementor-element elementor-element-d11601e elementor-section-boxed elementor-section-height-default elementor-section-height-default\" data-id=\"d11601e\" data-element_type=\"section\" data-e-type=\"section\">\n\t\t\t\t\t\t<div class=\"elementor-container elementor-column-gap-default\">\n\t\t\t\t\t<div class=\"elementor-column elementor-col-100 elementor-top-column elementor-element elementor-element-ce5cd4a\" data-id=\"ce5cd4a\" data-element_type=\"column\" data-e-type=\"column\">\n\t\t\t<div class=\"elementor-widget-wrap elementor-element-populated\">\n\t\t\t\t\t\t<div class=\"elementor-element elementor-element-4cd51b5 elementor-widget elementor-widget-image\" data-id=\"4cd51b5\" data-element_type=\"widget\" data-e-type=\"widget\" data-widget_type=\"image.default\">\n\t\t\t\t<div class=\"elementor-widget-container\">\n\t\t\t\t\t\t\t\t\t\t\t\t\t\t\t<img fetchpriority=\"high\" decoding=\"async\" width=\"1384\" height=\"856\" src=\"https:\/\/www.easybadge.net\/wp-content\/uploads\/2025\/10\/Oct-07-2025-17-55-08.gif\" class=\"attachment-full size-full wp-image-3582\" alt=\"Diritto OBLIO\" \/>\t\t\t\t\t\t\t\t\t\t\t\t\t\t\t<\/div>\n\t\t\t\t<\/div>\n\t\t\t\t\t<\/div>\n\t\t<\/div>\n\t\t\t\t\t<\/div>\n\t\t<\/section>\n\t\t\t\t<section class=\"elementor-section elementor-top-section elementor-element elementor-element-37d32d6 elementor-section-boxed elementor-section-height-default elementor-section-height-default\" data-id=\"37d32d6\" data-element_type=\"section\" data-e-type=\"section\">\n\t\t\t\t\t\t<div class=\"elementor-container elementor-column-gap-default\">\n\t\t\t\t\t<div class=\"elementor-column elementor-col-100 elementor-top-column elementor-element elementor-element-f7c1372\" data-id=\"f7c1372\" data-element_type=\"column\" data-e-type=\"column\">\n\t\t\t<div class=\"elementor-widget-wrap elementor-element-populated\">\n\t\t\t\t\t\t<div class=\"elementor-element elementor-element-613f919 elementor-widget elementor-widget-text-editor\" data-id=\"613f919\" data-element_type=\"widget\" data-e-type=\"widget\" data-widget_type=\"text-editor.default\">\n\t\t\t\t<div class=\"elementor-widget-container\">\n\t\t\t\t\t\t\t\t\t<p>Il cliente pu\u00f2 chiedere l\u2019eliminazione dei suoi dati personali, ad esempio, nei seguenti casi:<br \/>\u274c I dati non sono pi\u00f9 necessari rispetto alle finalit\u00e0 per cui sono stati raccolti.<\/p><p>\u270b Revoca del consenso precedentemente dato.<br \/>\ud83d\uded1 Opposizione al trattamento e mancanza di motivi legittimi prevalenti da parte del titolare.<\/p><p>\u26a0\ufe0f Trattamento illecito dei dati.<\/p><p>\ud83d\udce4 Obbligo legale di cancellazione derivante da una normativa europea o nazionale.<\/p><p>\ud83d\udc76 Dati raccolti da minori nell\u2019ambito di servizi della societ\u00e0 dell\u2019informazione.<\/p>\t\t\t\t\t\t\t\t<\/div>\n\t\t\t\t<\/div>\n\t\t\t\t\t<\/div>\n\t\t<\/div>\n\t\t\t\t\t<\/div>\n\t\t<\/section>\n\t\t\t\t<section class=\"elementor-section elementor-top-section elementor-element elementor-element-0e8e91c elementor-section-boxed elementor-section-height-default elementor-section-height-default\" data-id=\"0e8e91c\" data-element_type=\"section\" data-e-type=\"section\">\n\t\t\t\t\t\t<div class=\"elementor-container elementor-column-gap-default\">\n\t\t\t\t\t<div class=\"elementor-column elementor-col-100 elementor-top-column elementor-element elementor-element-1a6529f\" data-id=\"1a6529f\" data-element_type=\"column\" data-e-type=\"column\">\n\t\t\t<div class=\"elementor-widget-wrap elementor-element-populated\">\n\t\t\t\t\t\t<div class=\"elementor-element elementor-element-02e6ced elementor-widget elementor-widget-heading\" data-id=\"02e6ced\" data-element_type=\"widget\" data-e-type=\"widget\" data-widget_type=\"heading.default\">\n\t\t\t\t<div class=\"elementor-widget-container\">\n\t\t\t\t\t<h2 class=\"elementor-heading-title elementor-size-default\">ATTENZIONE!<\/h2>\t\t\t\t<\/div>\n\t\t\t\t<\/div>\n\t\t\t\t<div class=\"elementor-element elementor-element-34afd20 elementor-widget elementor-widget-text-editor\" data-id=\"34afd20\" data-element_type=\"widget\" data-e-type=\"widget\" data-widget_type=\"text-editor.default\">\n\t\t\t\t<div class=\"elementor-widget-container\">\n\t\t\t\t\t\t\t\t\t<p>La cancellazione delle informazioni \u00e8 immediata e non reversibile. Le informazioni non potranno essere recuperate. Si conserver\u00e0 solo i dati di registrazione per 2 mesi, per evitare che meccanismi automatizzati di cancellazione e creazione multipla siano fermati.\u00a0<\/p><p>La cancellazione informazioni dell&#8217;utente verranno definitivamente eliminate dopo 60gg dalla richiesta ed \u00e8 un processo irreversibile e non recuperabile.<\/p><p>In caso di necessit\u00e0 \u00e8 possibile richiedere eliminazione manuale scrivendo mail a <a href=\"mailto:info@easybadge.net\">info@easybadge.net<\/a> richiedendo l&#8217;esecuzione.<\/p>\t\t\t\t\t\t\t\t<\/div>\n\t\t\t\t<\/div>\n\t\t\t\t\t<\/div>\n\t\t<\/div>\n\t\t\t\t\t<\/div>\n\t\t<\/section>\n\t\t\t\t<\/div>\n\t\t","protected":false},"excerpt":{"rendered":"<p>Privacy &#8211; Pianificazione Eliminazione dei dati dell&#8217;utente I dati personali sono come chiavi della nostra identit\u00e0: devono essere custoditi con cura e restituiti quando non servono pi\u00f9. La loro cancellazione definitiva non \u00e8 un\u2019opzione, ma un impegno concreto per proteggere la libert\u00e0 e la sicurezza di chi ci affida le proprie informazioni. Cosa significa \u201ccancellazione [&hellip;]<\/p>\n","protected":false},"author":1,"featured_media":0,"parent":0,"menu_order":0,"comment_status":"closed","ping_status":"closed","template":"","meta":{"_monsterinsights_skip_tracking":false,"_monsterinsights_sitenote_active":false,"_monsterinsights_sitenote_note":"","_monsterinsights_sitenote_category":0,"iawp_total_views":22,"footnotes":""},"class_list":["post-3573","page","type-page","status-publish","hentry"],"aioseo_notices":[],"_links":{"self":[{"href":"https:\/\/www.easybadge.net\/it_it\/wp-json\/wp\/v2\/pages\/3573","targetHints":{"allow":["GET"]}}],"collection":[{"href":"https:\/\/www.easybadge.net\/it_it\/wp-json\/wp\/v2\/pages"}],"about":[{"href":"https:\/\/www.easybadge.net\/it_it\/wp-json\/wp\/v2\/types\/page"}],"author":[{"embeddable":true,"href":"https:\/\/www.easybadge.net\/it_it\/wp-json\/wp\/v2\/users\/1"}],"replies":[{"embeddable":true,"href":"https:\/\/www.easybadge.net\/it_it\/wp-json\/wp\/v2\/comments?post=3573"}],"version-history":[{"count":15,"href":"https:\/\/www.easybadge.net\/it_it\/wp-json\/wp\/v2\/pages\/3573\/revisions"}],"predecessor-version":[{"id":3976,"href":"https:\/\/www.easybadge.net\/it_it\/wp-json\/wp\/v2\/pages\/3573\/revisions\/3976"}],"wp:attachment":[{"href":"https:\/\/www.easybadge.net\/it_it\/wp-json\/wp\/v2\/media?parent=3573"}],"curies":[{"name":"wp","href":"https:\/\/api.w.org\/{rel}","templated":true}]}}