{"id":2837,"date":"2025-03-12T21:14:21","date_gmt":"2025-03-12T20:14:21","guid":{"rendered":"https:\/\/www.easybadge.net\/?page_id=2837"},"modified":"2025-12-16T09:38:05","modified_gmt":"2025-12-16T08:38:05","slug":"rubrica-condivisa","status":"publish","type":"page","link":"https:\/\/www.easybadge.net\/it_it\/rubrica-condivisa\/","title":{"rendered":"Rubrica condivisa"},"content":{"rendered":"\t\t<div data-elementor-type=\"wp-page\" data-elementor-id=\"2837\" class=\"elementor elementor-2837\" data-elementor-post-type=\"page\">\n\t\t\t\t\t\t<section class=\"elementor-section elementor-top-section elementor-element elementor-element-2fcbd69 elementor-section-boxed elementor-section-height-default elementor-section-height-default\" data-id=\"2fcbd69\" data-element_type=\"section\" data-e-type=\"section\" data-settings=\"{&quot;background_background&quot;:&quot;classic&quot;}\">\n\t\t\t\t\t\t<div class=\"elementor-container elementor-column-gap-default\">\n\t\t\t\t\t<div class=\"elementor-column elementor-col-100 elementor-top-column elementor-element elementor-element-8cc4f38\" data-id=\"8cc4f38\" data-element_type=\"column\" data-e-type=\"column\">\n\t\t\t<div class=\"elementor-widget-wrap elementor-element-populated\">\n\t\t\t\t\t\t<div class=\"elementor-element elementor-element-ca9f026 elementor-widget elementor-widget-heading\" data-id=\"ca9f026\" data-element_type=\"widget\" data-e-type=\"widget\" data-widget_type=\"heading.default\">\n\t\t\t\t<div class=\"elementor-widget-container\">\n\t\t\t\t\t<h1 class=\"elementor-heading-title elementor-size-default\">Contatti<\/h1>\t\t\t\t<\/div>\n\t\t\t\t<\/div>\n\t\t\t\t<div class=\"elementor-element elementor-element-8932383 elementor-widget elementor-widget-heading\" data-id=\"8932383\" data-element_type=\"widget\" data-e-type=\"widget\" data-widget_type=\"heading.default\">\n\t\t\t\t<div class=\"elementor-widget-container\">\n\t\t\t\t\t<h2 class=\"elementor-heading-title elementor-size-default\">EasyBadge.net: La Rubrica Condivisa per una Gestione Intelligente degli Accessi.<\/h2>\t\t\t\t<\/div>\n\t\t\t\t<\/div>\n\t\t\t\t\t<\/div>\n\t\t<\/div>\n\t\t\t\t\t<\/div>\n\t\t<\/section>\n\t\t\t\t<section class=\"elementor-section elementor-top-section elementor-element elementor-element-00b30b3 elementor-section-boxed elementor-section-height-default elementor-section-height-default\" data-id=\"00b30b3\" data-element_type=\"section\" data-e-type=\"section\" data-settings=\"{&quot;background_background&quot;:&quot;classic&quot;,&quot;shape_divider_bottom&quot;:&quot;wave-brush&quot;}\">\n\t\t\t\t\t<div class=\"elementor-shape elementor-shape-bottom\" aria-hidden=\"true\" data-negative=\"false\">\n\t\t\t<svg xmlns=\"http:\/\/www.w3.org\/2000\/svg\" viewBox=\"0 0 283.5 27.8\" preserveAspectRatio=\"none\">\n\t<path class=\"elementor-shape-fill\" d=\"M283.5,9.7c0,0-7.3,4.3-14,4.6c-6.8,0.3-12.6,0-20.9-1.5c-11.3-2-33.1-10.1-44.7-5.7\ts-12.1,4.6-18,7.4c-6.6,3.2-20,9.6-36.6,9.3C131.6,23.5,99.5,7.2,86.3,8c-1.4,0.1-6.6,0.8-10.5,2c-3.8,1.2-9.4,3.8-17,4.7\tc-3.2,0.4-8.3,1.1-14.2,0.9c-1.5-0.1-6.3-0.4-12-1.6c-5.7-1.2-11-3.1-15.8-3.7C6.5,9.2,0,10.8,0,10.8V0h283.5V9.7z M260.8,11.3\tc-0.7-1-2-0.4-4.3-0.4c-2.3,0-6.1-1.2-5.8-1.1c0.3,0.1,3.1,1.5,6,1.9C259.7,12.2,261.4,12.3,260.8,11.3z M242.4,8.6\tc0,0-2.4-0.2-5.6-0.9c-3.2-0.8-10.3-2.8-15.1-3.5c-8.2-1.1-15.8,0-15.1,0.1c0.8,0.1,9.6-0.6,17.6,1.1c3.3,0.7,9.3,2.2,12.4,2.7\tC239.9,8.7,242.4,8.6,242.4,8.6z M185.2,8.5c1.7-0.7-13.3,4.7-18.5,6.1c-2.1,0.6-6.2,1.6-10,2c-3.9,0.4-8.9,0.4-8.8,0.5\tc0,0.2,5.8,0.8,11.2,0c5.4-0.8,5.2-1.1,7.6-1.6C170.5,14.7,183.5,9.2,185.2,8.5z M199.1,6.9c0.2,0-0.8-0.4-4.8,1.1\tc-4,1.5-6.7,3.5-6.9,3.7c-0.2,0.1,3.5-1.8,6.6-3C197,7.5,199,6.9,199.1,6.9z M283,6c-0.1,0.1-1.9,1.1-4.8,2.5s-6.9,2.8-6.7,2.7\tc0.2,0,3.5-0.6,7.4-2.5C282.8,6.8,283.1,5.9,283,6z M31.3,11.6c0.1-0.2-1.9-0.2-4.5-1.2s-5.4-1.6-7.8-2C15,7.6,7.3,8.5,7.7,8.6\tC8,8.7,15.9,8.3,20.2,9.3c2.2,0.5,2.4,0.5,5.7,1.6S31.2,11.9,31.3,11.6z M73,9.2c0.4-0.1,3.5-1.6,8.4-2.6c4.9-1.1,8.9-0.5,8.9-0.8\tc0-0.3-1-0.9-6.2-0.3S72.6,9.3,73,9.2z M71.6,6.7C71.8,6.8,75,5.4,77.3,5c2.3-0.3,1.9-0.5,1.9-0.6c0-0.1-1.1-0.2-2.7,0.2\tC74.8,5.1,71.4,6.6,71.6,6.7z M93.6,4.4c0.1,0.2,3.5,0.8,5.6,1.8c2.1,1,1.8,0.6,1.9,0.5c0.1-0.1-0.8-0.8-2.4-1.3\tC97.1,4.8,93.5,4.2,93.6,4.4z M65.4,11.1c-0.1,0.3,0.3,0.5,1.9-0.2s2.6-1.3,2.2-1.2s-0.9,0.4-2.5,0.8C65.3,10.9,65.5,10.8,65.4,11.1\tz M34.5,12.4c-0.2,0,2.1,0.8,3.3,0.9c1.2,0.1,2,0.1,2-0.2c0-0.3-0.1-0.5-1.6-0.4C36.6,12.8,34.7,12.4,34.5,12.4z M152.2,21.1\tc-0.1,0.1-2.4-0.3-7.5-0.3c-5,0-13.6-2.4-17.2-3.5c-3.6-1.1,10,3.9,16.5,4.1C150.5,21.6,152.3,21,152.2,21.1z\"\/>\n\t<path class=\"elementor-shape-fill\" d=\"M269.6,18c-0.1-0.1-4.6,0.3-7.2,0c-7.3-0.7-17-3.2-16.6-2.9c0.4,0.3,13.7,3.1,17,3.3\tC267.7,18.8,269.7,18,269.6,18z\"\/>\n\t<path class=\"elementor-shape-fill\" d=\"M227.4,9.8c-0.2-0.1-4.5-1-9.5-1.2c-5-0.2-12.7,0.6-12.3,0.5c0.3-0.1,5.9-1.8,13.3-1.2\tS227.6,9.9,227.4,9.8z\"\/>\n\t<path class=\"elementor-shape-fill\" d=\"M204.5,13.4c-0.1-0.1,2-1,3.2-1.1c1.2-0.1,2,0,2,0.3c0,0.3-0.1,0.5-1.6,0.4\tC206.4,12.9,204.6,13.5,204.5,13.4z\"\/>\n\t<path class=\"elementor-shape-fill\" d=\"M201,10.6c0-0.1-4.4,1.2-6.3,2.2c-1.9,0.9-6.2,3.1-6.1,3.1c0.1,0.1,4.2-1.6,6.3-2.6\tS201,10.7,201,10.6z\"\/>\n\t<path class=\"elementor-shape-fill\" d=\"M154.5,26.7c-0.1-0.1-4.6,0.3-7.2,0c-7.3-0.7-17-3.2-16.6-2.9c0.4,0.3,13.7,3.1,17,3.3\tC152.6,27.5,154.6,26.8,154.5,26.7z\"\/>\n\t<path class=\"elementor-shape-fill\" d=\"M41.9,19.3c0,0,1.2-0.3,2.9-0.1c1.7,0.2,5.8,0.9,8.2,0.7c4.2-0.4,7.4-2.7,7-2.6\tc-0.4,0-4.3,2.2-8.6,1.9c-1.8-0.1-5.1-0.5-6.7-0.4S41.9,19.3,41.9,19.3z\"\/>\n\t<path class=\"elementor-shape-fill\" d=\"M75.5,12.6c0.2,0.1,2-0.8,4.3-1.1c2.3-0.2,2.1-0.3,2.1-0.5c0-0.1-1.8-0.4-3.4,0\tC76.9,11.5,75.3,12.5,75.5,12.6z\"\/>\n\t<path class=\"elementor-shape-fill\" d=\"M15.6,13.2c0-0.1,4.3,0,6.7,0.5c2.4,0.5,5,1.9,5,2c0,0.1-2.7-0.8-5.1-1.4\tC19.9,13.7,15.7,13.3,15.6,13.2z\"\/>\n<\/svg>\t\t<\/div>\n\t\t\t\t\t<div class=\"elementor-container elementor-column-gap-default\">\n\t\t\t\t\t<div class=\"elementor-column elementor-col-50 elementor-top-column elementor-element elementor-element-0573691\" data-id=\"0573691\" data-element_type=\"column\" data-e-type=\"column\">\n\t\t\t<div class=\"elementor-widget-wrap elementor-element-populated\">\n\t\t\t\t\t\t<div class=\"elementor-element elementor-element-d8cfe9f elementor-widget elementor-widget-image\" data-id=\"d8cfe9f\" data-element_type=\"widget\" data-e-type=\"widget\" data-widget_type=\"image.default\">\n\t\t\t\t<div class=\"elementor-widget-container\">\n\t\t\t\t\t\t\t\t\t\t\t\t\t\t\t<img fetchpriority=\"high\" decoding=\"async\" width=\"800\" height=\"800\" src=\"https:\/\/www.easybadge.net\/wp-content\/uploads\/2025\/03\/DALL\u00b7E-2025-03-12-21.13.27-A-professional-and-modern-office-reception-desk-with-a-digital-screen-displaying-employee-access-control-information.-The-setting-is-sleek-and-minimal.webp\" class=\"attachment-large size-large wp-image-2841\" alt=\"Professional and modern office reception desk\" srcset=\"https:\/\/www.easybadge.net\/wp-content\/uploads\/2025\/03\/DALL\u00b7E-2025-03-12-21.13.27-A-professional-and-modern-office-reception-desk-with-a-digital-screen-displaying-employee-access-control-information.-The-setting-is-sleek-and-minimal.webp 1024w, https:\/\/www.easybadge.net\/wp-content\/uploads\/2025\/03\/DALL\u00b7E-2025-03-12-21.13.27-A-professional-and-modern-office-reception-desk-with-a-digital-screen-displaying-employee-access-control-information.-The-setting-is-sleek-and-minimal-300x300.webp 300w, https:\/\/www.easybadge.net\/wp-content\/uploads\/2025\/03\/DALL\u00b7E-2025-03-12-21.13.27-A-professional-and-modern-office-reception-desk-with-a-digital-screen-displaying-employee-access-control-information.-The-setting-is-sleek-and-minimal-150x150.webp 150w, https:\/\/www.easybadge.net\/wp-content\/uploads\/2025\/03\/DALL\u00b7E-2025-03-12-21.13.27-A-professional-and-modern-office-reception-desk-with-a-digital-screen-displaying-employee-access-control-information.-The-setting-is-sleek-and-minimal-768x768.webp 768w, https:\/\/www.easybadge.net\/wp-content\/uploads\/2025\/03\/DALL\u00b7E-2025-03-12-21.13.27-A-professional-and-modern-office-reception-desk-with-a-digital-screen-displaying-employee-access-control-information.-The-setting-is-sleek-and-minimal-12x12.webp 12w, https:\/\/www.easybadge.net\/wp-content\/uploads\/2025\/03\/DALL\u00b7E-2025-03-12-21.13.27-A-professional-and-modern-office-reception-desk-with-a-digital-screen-displaying-employee-access-control-information.-The-setting-is-sleek-and-minimal-600x600.webp 600w\" sizes=\"(max-width: 800px) 100vw, 800px\" \/>\t\t\t\t\t\t\t\t\t\t\t\t\t\t\t<\/div>\n\t\t\t\t<\/div>\n\t\t\t\t\t<\/div>\n\t\t<\/div>\n\t\t\t\t<div class=\"elementor-column elementor-col-50 elementor-top-column elementor-element elementor-element-c01ab6a\" data-id=\"c01ab6a\" data-element_type=\"column\" data-e-type=\"column\">\n\t\t\t<div class=\"elementor-widget-wrap elementor-element-populated\">\n\t\t\t\t\t\t<div class=\"elementor-element elementor-element-44de4b4 elementor-widget elementor-widget-text-editor\" data-id=\"44de4b4\" data-element_type=\"widget\" data-e-type=\"widget\" data-widget_type=\"text-editor.default\">\n\t\t\t\t<div class=\"elementor-widget-container\">\n\t\t\t\t\t\t\t\t\t<p>Nel mondo della gestione degli accessi, avere un quadro chiaro delle persone presenti all\u2019interno dell\u2019azienda \u00e8 essenziale per la sicurezza, l\u2019organizzazione e l\u2019efficienza operativa. EasyBadge.net introduce una rubrica condivisa che va oltre la semplice gestione del personale:<\/p>\t\t\t\t\t\t\t\t<\/div>\n\t\t\t\t<\/div>\n\t\t\t\t<div class=\"elementor-element elementor-element-40400a1 elementor-widget elementor-widget-heading\" data-id=\"40400a1\" data-element_type=\"widget\" data-e-type=\"widget\" data-widget_type=\"heading.default\">\n\t\t\t\t<div class=\"elementor-widget-container\">\n\t\t\t\t\t<h4 class=\"elementor-heading-title elementor-size-default\">Un vero e proprio strumento di controllo e coordinamento che evolve con le esigenze aziendali.<\/h4>\t\t\t\t<\/div>\n\t\t\t\t<\/div>\n\t\t\t\t<div class=\"elementor-element elementor-element-b2ff993 elementor-widget elementor-widget-text-editor\" data-id=\"b2ff993\" data-element_type=\"widget\" data-e-type=\"widget\" data-widget_type=\"text-editor.default\">\n\t\t\t\t<div class=\"elementor-widget-container\">\n\t\t\t\t\t\t\t\t\t<p>La nuova visione di una professione moderna nel mondo della reception. Non solo uno strumento dedicato al confort dei propri clienti. Un modello che lascia il segno al primo contatto.&nbsp;<\/p>\t\t\t\t\t\t\t\t<\/div>\n\t\t\t\t<\/div>\n\t\t\t\t\t<\/div>\n\t\t<\/div>\n\t\t\t\t\t<\/div>\n\t\t<\/section>\n\t\t\t\t<section class=\"elementor-section elementor-top-section elementor-element elementor-element-15b66da elementor-section-boxed elementor-section-height-default elementor-section-height-default\" data-id=\"15b66da\" data-element_type=\"section\" data-e-type=\"section\">\n\t\t\t\t\t\t<div class=\"elementor-container elementor-column-gap-default\">\n\t\t\t\t\t<div class=\"elementor-column elementor-col-50 elementor-top-column elementor-element elementor-element-0af550b\" data-id=\"0af550b\" data-element_type=\"column\" data-e-type=\"column\">\n\t\t\t<div class=\"elementor-widget-wrap elementor-element-populated\">\n\t\t\t\t\t\t<div class=\"elementor-element elementor-element-5490712 elementor-widget elementor-widget-heading\" data-id=\"5490712\" data-element_type=\"widget\" data-e-type=\"widget\" data-widget_type=\"heading.default\">\n\t\t\t\t<div class=\"elementor-widget-container\">\n\t\t\t\t\t<h2 class=\"elementor-heading-title elementor-size-default\">Uno strumento per tutti gli accessi<\/h2>\t\t\t\t<\/div>\n\t\t\t\t<\/div>\n\t\t\t\t<div class=\"elementor-element elementor-element-5688e4e elementor-widget elementor-widget-text-editor\" data-id=\"5688e4e\" data-element_type=\"widget\" data-e-type=\"widget\" data-widget_type=\"text-editor.default\">\n\t\t\t\t<div class=\"elementor-widget-container\">\n\t\t\t\t\t\t\t\t\t<p>La rubrica condivisa di EasyBadge.net \u00e8 un punto di riferimento per chi gestisce gli ingressi. Grazie a questa funzione, l\u2019operatore alla reception pu\u00f2 avere immediatamente sott\u2019occhio:<\/p><ul><li>L\u2019elenco delle persone presenti in azienda con dettagli come ruoli, contatti e abilitazioni.<\/li><li><strong>Le certificazioni di primo soccorso e emergenza, cruciali per una gestione efficace delle situazioni critiche.<\/strong><\/li><li>Un\u2019integrazione con il sistema di gestione paghe e presenze, per sincronizzare in tempo reale i dati aziendali.<\/li><li>Un sistema di notifiche interno per identificare chi desidera essere contattato o chi preferisce non essere disturbato quando arriva un fornitore.<\/li><\/ul><div>Numeri di telefoni interni, mobili o esterni sono la chiave di un miglioramento, tramite una semplice ricerca \u00e8 possibile visualizzare persone addette alla sicurezza.<\/div>\t\t\t\t\t\t\t\t<\/div>\n\t\t\t\t<\/div>\n\t\t\t\t<div class=\"elementor-element elementor-element-1a4a995 elementor-widget elementor-widget-heading\" data-id=\"1a4a995\" data-element_type=\"widget\" data-e-type=\"widget\" data-widget_type=\"heading.default\">\n\t\t\t\t<div class=\"elementor-widget-container\">\n\t\t\t\t\t<h3 class=\"elementor-heading-title elementor-size-default\">Sicurezza e gestione delle emergenze<\/h3>\t\t\t\t<\/div>\n\t\t\t\t<\/div>\n\t\t\t\t<div class=\"elementor-element elementor-element-f5746df elementor-widget elementor-widget-text-editor\" data-id=\"f5746df\" data-element_type=\"widget\" data-e-type=\"widget\" data-widget_type=\"text-editor.default\">\n\t\t\t\t<div class=\"elementor-widget-container\">\n\t\t\t\t\t\t\t\t\t<p>Un aspetto fondamentale della rubrica \u00e8 la possibilit\u00e0 di visualizzare chi \u00e8 abilitato al primo soccorso o a intervenire in caso di emergenza. Questo consente agli operatori di sapere con precisione a chi rivolgersi in caso di necessit\u00e0, migliorando la reattivit\u00e0 e la sicurezza aziendale.<\/p>\t\t\t\t\t\t\t\t<\/div>\n\t\t\t\t<\/div>\n\t\t\t\t\t<\/div>\n\t\t<\/div>\n\t\t\t\t<div class=\"elementor-column elementor-col-50 elementor-top-column elementor-element elementor-element-ca1311e\" data-id=\"ca1311e\" data-element_type=\"column\" data-e-type=\"column\">\n\t\t\t<div class=\"elementor-widget-wrap elementor-element-populated\">\n\t\t\t\t\t\t<div class=\"elementor-element elementor-element-765729e elementor-widget elementor-widget-image\" data-id=\"765729e\" data-element_type=\"widget\" data-e-type=\"widget\" data-widget_type=\"image.default\">\n\t\t\t\t<div class=\"elementor-widget-container\">\n\t\t\t\t\t\t\t\t\t\t\t\t\t\t\t<img decoding=\"async\" width=\"610\" height=\"956\" src=\"https:\/\/www.easybadge.net\/wp-content\/uploads\/2025\/03\/Screenshot-2025-03-12-alle-21.02.20.png\" class=\"attachment-large size-large wp-image-2840\" alt=\"\" srcset=\"https:\/\/www.easybadge.net\/wp-content\/uploads\/2025\/03\/Screenshot-2025-03-12-alle-21.02.20.png 610w, https:\/\/www.easybadge.net\/wp-content\/uploads\/2025\/03\/Screenshot-2025-03-12-alle-21.02.20-191x300.png 191w, https:\/\/www.easybadge.net\/wp-content\/uploads\/2025\/03\/Screenshot-2025-03-12-alle-21.02.20-8x12.png 8w, https:\/\/www.easybadge.net\/wp-content\/uploads\/2025\/03\/Screenshot-2025-03-12-alle-21.02.20-600x940.png 600w\" sizes=\"(max-width: 610px) 100vw, 610px\" \/>\t\t\t\t\t\t\t\t\t\t\t\t\t\t\t<\/div>\n\t\t\t\t<\/div>\n\t\t\t\t\t<\/div>\n\t\t<\/div>\n\t\t\t\t\t<\/div>\n\t\t<\/section>\n\t\t\t\t<section class=\"elementor-section elementor-top-section elementor-element elementor-element-8769cd9 elementor-section-boxed elementor-section-height-default elementor-section-height-default\" data-id=\"8769cd9\" data-element_type=\"section\" data-e-type=\"section\">\n\t\t\t\t\t\t<div class=\"elementor-container elementor-column-gap-default\">\n\t\t\t\t\t<div class=\"elementor-column elementor-col-100 elementor-top-column elementor-element elementor-element-f231a59\" data-id=\"f231a59\" data-element_type=\"column\" data-e-type=\"column\">\n\t\t\t<div class=\"elementor-widget-wrap elementor-element-populated\">\n\t\t\t\t\t\t<div class=\"elementor-element elementor-element-4dce6e6 elementor-widget elementor-widget-heading\" data-id=\"4dce6e6\" data-element_type=\"widget\" data-e-type=\"widget\" data-widget_type=\"heading.default\">\n\t\t\t\t<div class=\"elementor-widget-container\">\n\t\t\t\t\t<h3 class=\"elementor-heading-title elementor-size-default\">Verso un\u2019integrazione sempre pi\u00f9 avanzata<\/h3>\t\t\t\t<\/div>\n\t\t\t\t<\/div>\n\t\t\t\t<div class=\"elementor-element elementor-element-369a115 elementor-widget elementor-widget-text-editor\" data-id=\"369a115\" data-element_type=\"widget\" data-e-type=\"widget\" data-widget_type=\"text-editor.default\">\n\t\t\t\t<div class=\"elementor-widget-container\">\n\t\t\t\t\t\t\t\t\t<p>EasyBadge.net non si limita a fornire informazioni: \u00e8 il primo passo verso un sistema integrato che semplifica la gestione aziendale. L\u2019obiettivo \u00e8 offrire strumenti che automatizzano i processi interni, riducono il carico di lavoro amministrativo e migliorano la comunicazione tra i vari reparti.<\/p>\t\t\t\t\t\t\t\t<\/div>\n\t\t\t\t<\/div>\n\t\t\t\t<div class=\"elementor-element elementor-element-689679c elementor-widget elementor-widget-image\" data-id=\"689679c\" data-element_type=\"widget\" data-e-type=\"widget\" data-widget_type=\"image.default\">\n\t\t\t\t<div class=\"elementor-widget-container\">\n\t\t\t\t\t\t\t\t\t\t\t\t\t\t\t<img decoding=\"async\" width=\"3420\" height=\"1958\" src=\"https:\/\/www.easybadge.net\/wp-content\/uploads\/2025\/03\/Screenshot-2025-03-12-alle-20.44.57.png\" class=\"attachment-full size-full wp-image-2839\" alt=\"Rubrica condivisa\" srcset=\"https:\/\/www.easybadge.net\/wp-content\/uploads\/2025\/03\/Screenshot-2025-03-12-alle-20.44.57.png 3420w, https:\/\/www.easybadge.net\/wp-content\/uploads\/2025\/03\/Screenshot-2025-03-12-alle-20.44.57-300x172.png 300w, https:\/\/www.easybadge.net\/wp-content\/uploads\/2025\/03\/Screenshot-2025-03-12-alle-20.44.57-1024x586.png 1024w, https:\/\/www.easybadge.net\/wp-content\/uploads\/2025\/03\/Screenshot-2025-03-12-alle-20.44.57-768x440.png 768w, https:\/\/www.easybadge.net\/wp-content\/uploads\/2025\/03\/Screenshot-2025-03-12-alle-20.44.57-1536x879.png 1536w, https:\/\/www.easybadge.net\/wp-content\/uploads\/2025\/03\/Screenshot-2025-03-12-alle-20.44.57-2048x1173.png 2048w, https:\/\/www.easybadge.net\/wp-content\/uploads\/2025\/03\/Screenshot-2025-03-12-alle-20.44.57-18x10.png 18w, https:\/\/www.easybadge.net\/wp-content\/uploads\/2025\/03\/Screenshot-2025-03-12-alle-20.44.57-1920x1099.png 1920w, https:\/\/www.easybadge.net\/wp-content\/uploads\/2025\/03\/Screenshot-2025-03-12-alle-20.44.57-600x344.png 600w\" sizes=\"(max-width: 3420px) 100vw, 3420px\" \/>\t\t\t\t\t\t\t\t\t\t\t\t\t\t\t<\/div>\n\t\t\t\t<\/div>\n\t\t\t\t\t<\/div>\n\t\t<\/div>\n\t\t\t\t\t<\/div>\n\t\t<\/section>\n\t\t\t\t<section class=\"elementor-section elementor-top-section elementor-element elementor-element-a8484bd elementor-section-boxed elementor-section-height-default elementor-section-height-default\" data-id=\"a8484bd\" data-element_type=\"section\" data-e-type=\"section\">\n\t\t\t\t\t\t<div class=\"elementor-container elementor-column-gap-default\">\n\t\t\t\t\t<div class=\"elementor-column elementor-col-100 elementor-top-column elementor-element elementor-element-8e314ca\" data-id=\"8e314ca\" data-element_type=\"column\" data-e-type=\"column\">\n\t\t\t<div class=\"elementor-widget-wrap elementor-element-populated\">\n\t\t\t\t\t\t<div class=\"elementor-element elementor-element-4daf77a elementor-widget elementor-widget-heading\" data-id=\"4daf77a\" data-element_type=\"widget\" data-e-type=\"widget\" data-widget_type=\"heading.default\">\n\t\t\t\t<div class=\"elementor-widget-container\">\n\t\t\t\t\t<h3 class=\"elementor-heading-title elementor-size-default\">Scopri di pi\u00f9 su EasyBadge.net<\/h3>\t\t\t\t<\/div>\n\t\t\t\t<\/div>\n\t\t\t\t<div class=\"elementor-element elementor-element-3fa260d elementor-widget elementor-widget-text-editor\" data-id=\"3fa260d\" data-element_type=\"widget\" data-e-type=\"widget\" data-widget_type=\"text-editor.default\">\n\t\t\t\t<div class=\"elementor-widget-container\">\n\t\t\t\t\t\t\t\t\t<p>Se vuoi portare la gestione degli accessi della tua azienda a un livello superiore, scopri come EasyBadge.net pu\u00f2 trasformare il tuo approccio all\u2019organizzazione e alla sicurezza. Contattaci oggi stesso per una demo o maggiori informazioni!<\/p>\t\t\t\t\t\t\t\t<\/div>\n\t\t\t\t<\/div>\n\t\t\t\t\t<\/div>\n\t\t<\/div>\n\t\t\t\t\t<\/div>\n\t\t<\/section>\n\t\t\t\t<section class=\"elementor-section elementor-top-section elementor-element elementor-element-594e749 elementor-section-boxed elementor-section-height-default elementor-section-height-default\" data-id=\"594e749\" data-element_type=\"section\" data-e-type=\"section\">\n\t\t\t\t\t\t<div class=\"elementor-container elementor-column-gap-default\">\n\t\t\t\t\t<div class=\"elementor-column elementor-col-100 elementor-top-column elementor-element elementor-element-2819724\" data-id=\"2819724\" data-element_type=\"column\" data-e-type=\"column\">\n\t\t\t<div class=\"elementor-widget-wrap elementor-element-populated\">\n\t\t\t\t\t\t<div class=\"elementor-element elementor-element-b3337d8 elementor-widget elementor-widget-heading\" data-id=\"b3337d8\" data-element_type=\"widget\" data-e-type=\"widget\" data-widget_type=\"heading.default\">\n\t\t\t\t<div class=\"elementor-widget-container\">\n\t\t\t\t\t<h3 class=\"elementor-heading-title elementor-size-default\">Chiedi, prova, contattaci!<\/h3>\t\t\t\t<\/div>\n\t\t\t\t<\/div>\n\t\t\t\t<div class=\"elementor-element elementor-element-19a1390 elementor-widget elementor-widget-text-editor\" data-id=\"19a1390\" data-element_type=\"widget\" data-e-type=\"widget\" data-widget_type=\"text-editor.default\">\n\t\t\t\t<div class=\"elementor-widget-container\">\n\t\t\t\t\t\t\t\t\t<p>Non aspettare oltre: chiedi maggiori informazioni, prova EasyBadge.net e contattaci per scoprire come possiamo aiutarti a migliorare la gestione degli accessi nella tua azienda!<\/p>\t\t\t\t\t\t\t\t<\/div>\n\t\t\t\t<\/div>\n\t\t\t\t\t<\/div>\n\t\t<\/div>\n\t\t\t\t\t<\/div>\n\t\t<\/section>\n\t\t\t\t<section class=\"elementor-section elementor-top-section elementor-element elementor-element-fe6d835 elementor-section-boxed elementor-section-height-default elementor-section-height-default\" data-id=\"fe6d835\" data-element_type=\"section\" data-e-type=\"section\">\n\t\t\t\t\t\t<div class=\"elementor-container elementor-column-gap-default\">\n\t\t\t\t\t<div class=\"elementor-column elementor-col-100 elementor-top-column elementor-element elementor-element-239b3d2\" data-id=\"239b3d2\" data-element_type=\"column\" data-e-type=\"column\">\n\t\t\t<div class=\"elementor-widget-wrap\">\n\t\t\t\t\t\t\t<\/div>\n\t\t<\/div>\n\t\t\t\t\t<\/div>\n\t\t<\/section>\n\t\t\t\t<\/div>\n\t\t","protected":false},"excerpt":{"rendered":"<p>Contatti EasyBadge.net: La Rubrica Condivisa per una Gestione Intelligente degli Accessi. Nel mondo della gestione degli accessi, avere un quadro chiaro delle persone presenti all\u2019interno dell\u2019azienda \u00e8 essenziale per la sicurezza, l\u2019organizzazione e l\u2019efficienza operativa. EasyBadge.net introduce una rubrica condivisa che va oltre la semplice gestione del personale: Un vero e proprio strumento di controllo [&hellip;]<\/p>\n","protected":false},"author":1,"featured_media":2839,"parent":0,"menu_order":0,"comment_status":"closed","ping_status":"closed","template":"","meta":{"_monsterinsights_skip_tracking":false,"_monsterinsights_sitenote_active":false,"_monsterinsights_sitenote_note":"","_monsterinsights_sitenote_category":0,"iawp_total_views":72,"footnotes":""},"class_list":["post-2837","page","type-page","status-publish","has-post-thumbnail","hentry"],"aioseo_notices":[],"_links":{"self":[{"href":"https:\/\/www.easybadge.net\/it_it\/wp-json\/wp\/v2\/pages\/2837","targetHints":{"allow":["GET"]}}],"collection":[{"href":"https:\/\/www.easybadge.net\/it_it\/wp-json\/wp\/v2\/pages"}],"about":[{"href":"https:\/\/www.easybadge.net\/it_it\/wp-json\/wp\/v2\/types\/page"}],"author":[{"embeddable":true,"href":"https:\/\/www.easybadge.net\/it_it\/wp-json\/wp\/v2\/users\/1"}],"replies":[{"embeddable":true,"href":"https:\/\/www.easybadge.net\/it_it\/wp-json\/wp\/v2\/comments?post=2837"}],"version-history":[{"count":7,"href":"https:\/\/www.easybadge.net\/it_it\/wp-json\/wp\/v2\/pages\/2837\/revisions"}],"predecessor-version":[{"id":3960,"href":"https:\/\/www.easybadge.net\/it_it\/wp-json\/wp\/v2\/pages\/2837\/revisions\/3960"}],"wp:featuredmedia":[{"embeddable":true,"href":"https:\/\/www.easybadge.net\/it_it\/wp-json\/wp\/v2\/media\/2839"}],"wp:attachment":[{"href":"https:\/\/www.easybadge.net\/it_it\/wp-json\/wp\/v2\/media?parent=2837"}],"curies":[{"name":"wp","href":"https:\/\/api.w.org\/{rel}","templated":true}]}}