{"id":2817,"date":"2025-03-06T21:44:34","date_gmt":"2025-03-06T20:44:34","guid":{"rendered":"https:\/\/www.easybadge.net\/?page_id=2817"},"modified":"2026-03-11T15:10:20","modified_gmt":"2026-03-11T14:10:20","slug":"il-registro-visitatori","status":"publish","type":"page","link":"https:\/\/www.easybadge.net\/it_it\/il-registro-visitatori\/","title":{"rendered":"Il Registro Visitatori"},"content":{"rendered":"\t\t<div data-elementor-type=\"wp-page\" data-elementor-id=\"2817\" class=\"elementor elementor-2817\" data-elementor-post-type=\"page\">\n\t\t\t\t\t\t<section class=\"elementor-section elementor-top-section elementor-element elementor-element-5509c08 elementor-section-boxed elementor-section-height-default elementor-section-height-default\" data-id=\"5509c08\" data-element_type=\"section\" data-e-type=\"section\" data-settings=\"{&quot;background_background&quot;:&quot;classic&quot;}\">\n\t\t\t\t\t\t<div class=\"elementor-container elementor-column-gap-default\">\n\t\t\t\t\t<div class=\"elementor-column elementor-col-100 elementor-top-column elementor-element elementor-element-9e0828d\" data-id=\"9e0828d\" data-element_type=\"column\" data-e-type=\"column\">\n\t\t\t<div class=\"elementor-widget-wrap elementor-element-populated\">\n\t\t\t\t\t\t<div class=\"elementor-element elementor-element-1fea188 elementor-widget elementor-widget-heading\" data-id=\"1fea188\" data-element_type=\"widget\" data-e-type=\"widget\" data-widget_type=\"heading.default\">\n\t\t\t\t<div class=\"elementor-widget-container\">\n\t\t\t\t\t<h1 class=\"elementor-heading-title elementor-size-default\">Sicurezza<\/h1>\t\t\t\t<\/div>\n\t\t\t\t<\/div>\n\t\t\t\t<div class=\"elementor-element elementor-element-201ef16 elementor-widget elementor-widget-heading\" data-id=\"201ef16\" data-element_type=\"widget\" data-e-type=\"widget\" data-widget_type=\"heading.default\">\n\t\t\t\t<div class=\"elementor-widget-container\">\n\t\t\t\t\t<h2 class=\"elementor-heading-title elementor-size-default\">Il Registro Visitatori: Perch\u00e9 \u00e8 Importante?<\/h2>\t\t\t\t<\/div>\n\t\t\t\t<\/div>\n\t\t\t\t<div class=\"elementor-element elementor-element-4b27a1d elementor-widget elementor-widget-text-editor\" data-id=\"4b27a1d\" data-element_type=\"widget\" data-e-type=\"widget\" data-widget_type=\"text-editor.default\">\n\t\t\t\t<div class=\"elementor-widget-container\">\n\t\t\t\t\t\t\t\t\t<p data-pm-slice=\"1 1 []\">Un registro visitatori \u00e8 un elemento essenziale per qualsiasi azienda che desideri mantenere un controllo accurato su chi accede ai propri locali. Questo strumento permette di catalogare tutte le persone che entrano ciclicamente nell&#8217;azienda, offrendo numerosi vantaggi in termini di sicurezza, gestione delle risorse e ottimizzazione dei processi.<\/p>\t\t\t\t\t\t\t\t<\/div>\n\t\t\t\t<\/div>\n\t\t\t\t\t<\/div>\n\t\t<\/div>\n\t\t\t\t\t<\/div>\n\t\t<\/section>\n\t\t\t\t<section class=\"elementor-section elementor-top-section elementor-element elementor-element-0750a9e elementor-section-boxed elementor-section-height-default elementor-section-height-default\" data-id=\"0750a9e\" data-element_type=\"section\" data-e-type=\"section\">\n\t\t\t\t\t\t\t<div class=\"elementor-background-overlay\"><\/div>\n\t\t\t\t\t\t\t<div class=\"elementor-container elementor-column-gap-default\">\n\t\t\t\t\t<div class=\"elementor-column elementor-col-100 elementor-top-column elementor-element elementor-element-e77cdb5\" data-id=\"e77cdb5\" data-element_type=\"column\" data-e-type=\"column\">\n\t\t\t<div class=\"elementor-widget-wrap elementor-element-populated\">\n\t\t\t\t\t\t<div class=\"elementor-element elementor-element-cc4b37f elementor-widget elementor-widget-heading\" data-id=\"cc4b37f\" data-element_type=\"widget\" data-e-type=\"widget\" data-widget_type=\"heading.default\">\n\t\t\t\t<div class=\"elementor-widget-container\">\n\t\t\t\t\t<h2 class=\"elementor-heading-title elementor-size-default\">Quali informazioni importantii, ha un \"Registro Visitatori\"?<\/h2>\t\t\t\t<\/div>\n\t\t\t\t<\/div>\n\t\t\t\t<div class=\"elementor-element elementor-element-36d2b5e elementor-widget elementor-widget-text-editor\" data-id=\"36d2b5e\" data-element_type=\"widget\" data-e-type=\"widget\" data-widget_type=\"text-editor.default\">\n\t\t\t\t<div class=\"elementor-widget-container\">\n\t\t\t\t\t\t\t\t\t<p>Un registro visitatori ben strutturato raccoglie dati fondamentali quali:<\/p><ul><li><strong>Codice Identificativo<\/strong>: Numero progressivo per catalogare ogni accesso.<\/li><li><strong>Nome del Visitatore<\/strong>: Informazione essenziale per l\u2019identificazione.<\/li><li><strong>Contatti (Telefono\/Email)<\/strong>: Utile per eventuali comunicazioni o emergenze (un esempio \u00e8 il consenso alla Privacy).<\/li><\/ul>\t\t\t\t\t\t\t\t<\/div>\n\t\t\t\t<\/div>\n\t\t\t\t<div class=\"elementor-element elementor-element-a1b129a elementor-widget elementor-widget-heading\" data-id=\"a1b129a\" data-element_type=\"widget\" data-e-type=\"widget\" data-widget_type=\"heading.default\">\n\t\t\t\t<div class=\"elementor-widget-container\">\n\t\t\t\t\t<h3 class=\"elementor-heading-title elementor-size-default\">Destinazione Interna, una Informazioni cruciale<\/h3>\t\t\t\t<\/div>\n\t\t\t\t<\/div>\n\t\t\t\t<div class=\"elementor-element elementor-element-951ee5c elementor-widget elementor-widget-text-editor\" data-id=\"951ee5c\" data-element_type=\"widget\" data-e-type=\"widget\" data-widget_type=\"text-editor.default\">\n\t\t\t\t<div class=\"elementor-widget-container\">\n\t\t\t\t\t\t\t\t\t<p>Per &#8220;destinazione interna&#8221;, si intende dove il visitare si recher\u00e0 e con chi interagisce. Questa \u00e8 la vera INFORMAZIONE utile. Nel caso di un &#8220;piano evaquazione&#8221; e la persona di riferimento, con cui interagisce, contribuiscono ad una gestione dell&#8217;emergenza pratica e strutturata.<\/p>\t\t\t\t\t\t\t\t<\/div>\n\t\t\t\t<\/div>\n\t\t\t\t<div class=\"elementor-element elementor-element-2856ad9 elementor-widget elementor-widget-heading\" data-id=\"2856ad9\" data-element_type=\"widget\" data-e-type=\"widget\" data-widget_type=\"heading.default\">\n\t\t\t\t<div class=\"elementor-widget-container\">\n\t\t\t\t\t<h3 class=\"elementor-heading-title elementor-size-default\">Altre informazioni, sturtturali<\/h3>\t\t\t\t<\/div>\n\t\t\t\t<\/div>\n\t\t\t\t<div class=\"elementor-element elementor-element-5ef4691 elementor-widget elementor-widget-text-editor\" data-id=\"5ef4691\" data-element_type=\"widget\" data-e-type=\"widget\" data-widget_type=\"text-editor.default\">\n\t\t\t\t<div class=\"elementor-widget-container\">\n\t\t\t\t\t\t\t\t\t<ul><li><strong>Societ\u00e0 di Appartenenza<\/strong>: Indica per conto di quale azienda opera il visitatore.<\/li><li><strong>Targa del Veicolo e Rimorchio<\/strong>: Per il monitoraggio dei mezzi in entrata e uscita.<\/li><li><strong>Categoria del Visitatore<\/strong>: Identifica se si tratta di un trasportatore, cliente, fornitore o altro.<\/li><li><strong>Tipologia di Accesso<\/strong>: Specifica il tipo di mezzo (es. camion, auto, moto, ecc.).<\/li><li>Destinazione Interna: Informazione che aiuta a indirizzare il visitatore verso la persona o il reparto di riferimento.<\/li><\/ul>\t\t\t\t\t\t\t\t<\/div>\n\t\t\t\t<\/div>\n\t\t\t\t<div class=\"elementor-element elementor-element-60ac1f8 elementor-widget elementor-widget-heading\" data-id=\"60ac1f8\" data-element_type=\"widget\" data-e-type=\"widget\" data-widget_type=\"heading.default\">\n\t\t\t\t<div class=\"elementor-widget-container\">\n\t\t\t\t\t<h3 class=\"elementor-heading-title elementor-size-default\">Tutto nel pannello amministratore<\/h3>\t\t\t\t<\/div>\n\t\t\t\t<\/div>\n\t\t\t\t<div class=\"elementor-element elementor-element-8ef034d elementor-widget elementor-widget-text-editor\" data-id=\"8ef034d\" data-element_type=\"widget\" data-e-type=\"widget\" data-widget_type=\"text-editor.default\">\n\t\t\t\t<div class=\"elementor-widget-container\">\n\t\t\t\t\t\t\t\t\t<p>Solo l&#8217;amministratore pu\u00f2 usufruire di queste informazioni nella sua completezza e usufruire di esportazioni, in casi dove \u00e8 richiesto. Tutte le reception qui:<\/p>\t\t\t\t\t\t\t\t<\/div>\n\t\t\t\t<\/div>\n\t\t\t\t<div class=\"elementor-element elementor-element-a5acb96 elementor-widget elementor-widget-image\" data-id=\"a5acb96\" data-element_type=\"widget\" data-e-type=\"widget\" data-widget_type=\"image.default\">\n\t\t\t\t<div class=\"elementor-widget-container\">\n\t\t\t\t\t\t\t\t\t\t\t\t\t\t\t<img fetchpriority=\"high\" decoding=\"async\" width=\"3410\" height=\"1678\" src=\"https:\/\/www.easybadge.net\/wp-content\/uploads\/2025\/03\/Screenshot-2025-03-06-alle-21.40.33.png\" class=\"attachment-full size-full wp-image-2815\" alt=\"Registro Visitatori\" srcset=\"https:\/\/www.easybadge.net\/wp-content\/uploads\/2025\/03\/Screenshot-2025-03-06-alle-21.40.33.png 3410w, https:\/\/www.easybadge.net\/wp-content\/uploads\/2025\/03\/Screenshot-2025-03-06-alle-21.40.33-300x148.png 300w, https:\/\/www.easybadge.net\/wp-content\/uploads\/2025\/03\/Screenshot-2025-03-06-alle-21.40.33-1024x504.png 1024w, https:\/\/www.easybadge.net\/wp-content\/uploads\/2025\/03\/Screenshot-2025-03-06-alle-21.40.33-768x378.png 768w, https:\/\/www.easybadge.net\/wp-content\/uploads\/2025\/03\/Screenshot-2025-03-06-alle-21.40.33-1536x756.png 1536w, https:\/\/www.easybadge.net\/wp-content\/uploads\/2025\/03\/Screenshot-2025-03-06-alle-21.40.33-2048x1008.png 2048w, https:\/\/www.easybadge.net\/wp-content\/uploads\/2025\/03\/Screenshot-2025-03-06-alle-21.40.33-18x9.png 18w, https:\/\/www.easybadge.net\/wp-content\/uploads\/2025\/03\/Screenshot-2025-03-06-alle-21.40.33-1920x945.png 1920w, https:\/\/www.easybadge.net\/wp-content\/uploads\/2025\/03\/Screenshot-2025-03-06-alle-21.40.33-600x295.png 600w\" sizes=\"(max-width: 3410px) 100vw, 3410px\" \/>\t\t\t\t\t\t\t\t\t\t\t\t\t\t\t<\/div>\n\t\t\t\t<\/div>\n\t\t\t\t\t<\/div>\n\t\t<\/div>\n\t\t\t\t\t<\/div>\n\t\t<\/section>\n\t\t\t\t<section class=\"elementor-section elementor-top-section elementor-element elementor-element-0550466 elementor-section-boxed elementor-section-height-default elementor-section-height-default\" data-id=\"0550466\" data-element_type=\"section\" data-e-type=\"section\">\n\t\t\t\t\t\t<div class=\"elementor-container elementor-column-gap-default\">\n\t\t\t\t\t<div class=\"elementor-column elementor-col-100 elementor-top-column elementor-element elementor-element-77e51c5\" data-id=\"77e51c5\" data-element_type=\"column\" data-e-type=\"column\">\n\t\t\t<div class=\"elementor-widget-wrap elementor-element-populated\">\n\t\t\t\t\t\t<div class=\"elementor-element elementor-element-8cf28c3 elementor-widget elementor-widget-heading\" data-id=\"8cf28c3\" data-element_type=\"widget\" data-e-type=\"widget\" data-widget_type=\"heading.default\">\n\t\t\t\t<div class=\"elementor-widget-container\">\n\t\t\t\t\t<h2 class=\"elementor-heading-title elementor-size-default\">Il Valore Aggiunto di EasyBadge.net<\/h2>\t\t\t\t<\/div>\n\t\t\t\t<\/div>\n\t\t\t\t<div class=\"elementor-element elementor-element-e0db00d elementor-widget elementor-widget-text-editor\" data-id=\"e0db00d\" data-element_type=\"widget\" data-e-type=\"widget\" data-widget_type=\"text-editor.default\">\n\t\t\t\t<div class=\"elementor-widget-container\">\n\t\t\t\t\t\t\t\t\tEasyBadge.net sta lavorando per trasformare questi dati in un valore aggiunto per l\u2019azienda, migliorando la gestione e la sicurezza attraverso un\u2019interazione pi\u00f9 efficace con il personale interno. Grazie all\u2019automatizzazione e all\u2019integrazione con i processi aziendali, il registro visitatori non sar\u00e0 solo un archivio, ma un vero e proprio strumento strategico per ottimizzare gli accessi e migliorare l&#8217;organizzazione interna.\t\t\t\t\t\t\t\t<\/div>\n\t\t\t\t<\/div>\n\t\t\t\t<div class=\"elementor-element elementor-element-0970fa3 elementor-widget elementor-widget-text-editor\" data-id=\"0970fa3\" data-element_type=\"widget\" data-e-type=\"widget\" data-widget_type=\"text-editor.default\">\n\t\t\t\t<div class=\"elementor-widget-container\">\n\t\t\t\t\t\t\t\t\tAdottare un sistema digitale per il controllo degli accessi significa non solo aumentare il livello di sicurezza aziendale, ma anche semplificare la gestione delle informazioni, migliorando la produttivit\u00e0 e riducendo i tempi di attesa.\t\t\t\t\t\t\t\t<\/div>\n\t\t\t\t<\/div>\n\t\t\t\t\t<\/div>\n\t\t<\/div>\n\t\t\t\t\t<\/div>\n\t\t<\/section>\n\t\t\t\t<section class=\"elementor-section elementor-top-section elementor-element elementor-element-9086be0 elementor-section-boxed elementor-section-height-default elementor-section-height-default\" data-id=\"9086be0\" data-element_type=\"section\" data-e-type=\"section\">\n\t\t\t\t\t\t<div class=\"elementor-container elementor-column-gap-default\">\n\t\t\t\t\t<div class=\"elementor-column elementor-col-100 elementor-top-column elementor-element elementor-element-ea40a3b\" data-id=\"ea40a3b\" data-element_type=\"column\" data-e-type=\"column\">\n\t\t\t<div class=\"elementor-widget-wrap elementor-element-populated\">\n\t\t\t\t\t\t<div class=\"elementor-element elementor-element-29ef645 elementor-widget elementor-widget-heading\" data-id=\"29ef645\" data-element_type=\"widget\" data-e-type=\"widget\" data-widget_type=\"heading.default\">\n\t\t\t\t<div class=\"elementor-widget-container\">\n\t\t\t\t\t<h3 class=\"elementor-heading-title elementor-size-default\">Quando il dato di EasyBadge entrer\u00e0 in azienda<\/h3>\t\t\t\t<\/div>\n\t\t\t\t<\/div>\n\t\t\t\t<div class=\"elementor-element elementor-element-f82fd35 elementor-widget elementor-widget-text-editor\" data-id=\"f82fd35\" data-element_type=\"widget\" data-e-type=\"widget\" data-widget_type=\"text-editor.default\">\n\t\t\t\t<div class=\"elementor-widget-container\">\n\t\t\t\t\t\t\t\t\t<p>Il 2025 \u00e8 un anno in fermento, Easybadge vuole entrare in azienda tramite un Appliance, che replica il locale i dati di EasyBadge server Cloud. Oltre ad esere una sicurezza nel caso che venga a mancare ala connessione e le informazioni non mancano, sono congelate, ma disponibili. Questo scenario apre nuove possibilt\u00e0 dove la parte interna dell&#8217;azienda diventa attiva e i servizi pi\u00f9 omogenei.\u00a0<\/p>\t\t\t\t\t\t\t\t<\/div>\n\t\t\t\t<\/div>\n\t\t\t\t\t<\/div>\n\t\t<\/div>\n\t\t\t\t\t<\/div>\n\t\t<\/section>\n\t\t\t\t<section class=\"elementor-section elementor-top-section elementor-element elementor-element-9025b38 elementor-section-boxed elementor-section-height-default elementor-section-height-default\" data-id=\"9025b38\" data-element_type=\"section\" data-e-type=\"section\">\n\t\t\t\t\t\t<div class=\"elementor-container elementor-column-gap-default\">\n\t\t\t\t\t<div class=\"elementor-column elementor-col-100 elementor-top-column elementor-element elementor-element-b92943a\" data-id=\"b92943a\" data-element_type=\"column\" data-e-type=\"column\">\n\t\t\t<div class=\"elementor-widget-wrap elementor-element-populated\">\n\t\t\t\t\t\t<div class=\"elementor-element elementor-element-7fc9bd2 elementor-widget elementor-widget-text-editor\" data-id=\"7fc9bd2\" data-element_type=\"widget\" data-e-type=\"widget\" data-widget_type=\"text-editor.default\">\n\t\t\t\t<div class=\"elementor-widget-container\">\n\t\t\t\t\t\t\t\t\t<p>Uno strumento dalle possibilit\u00e0, di cui abbiamo visto solo il primo pezzettino. Oggi con IA abbiamo la possibilt\u00e0 di incrementare questo servizio di centinaia di volte la sua semplice natura iniziale. Adesso abbiamo solo 4 attivit\u00e0 sulla parte destra dell&#8217;informazione, ma anche questo deve aumentare e mantenere la semplicit\u00e0.<\/p>\t\t\t\t\t\t\t\t<\/div>\n\t\t\t\t<\/div>\n\t\t\t\t\t<\/div>\n\t\t<\/div>\n\t\t\t\t\t<\/div>\n\t\t<\/section>\n\t\t\t\t<section class=\"elementor-section elementor-top-section elementor-element elementor-element-e466044 elementor-section-boxed elementor-section-height-default elementor-section-height-default\" data-id=\"e466044\" data-element_type=\"section\" data-e-type=\"section\">\n\t\t\t\t\t\t<div class=\"elementor-container elementor-column-gap-default\">\n\t\t\t\t\t<div class=\"elementor-column elementor-col-100 elementor-top-column elementor-element elementor-element-4480e7b\" data-id=\"4480e7b\" data-element_type=\"column\" data-e-type=\"column\">\n\t\t\t<div class=\"elementor-widget-wrap elementor-element-populated\">\n\t\t\t\t\t\t<div class=\"elementor-element elementor-element-56e8341 elementor-widget elementor-widget-image\" data-id=\"56e8341\" data-element_type=\"widget\" data-e-type=\"widget\" data-widget_type=\"image.default\">\n\t\t\t\t<div class=\"elementor-widget-container\">\n\t\t\t\t\t\t\t\t\t\t\t\t\t\t\t<img decoding=\"async\" width=\"2560\" height=\"1404\" src=\"https:\/\/www.easybadge.net\/wp-content\/uploads\/2025\/12\/Screenshot-2025-12-16-alle-09.26.25-scaled.png\" class=\"attachment-full size-full wp-image-3953\" alt=\"Visitors edit\" srcset=\"https:\/\/www.easybadge.net\/wp-content\/uploads\/2025\/12\/Screenshot-2025-12-16-alle-09.26.25-scaled.png 2560w, https:\/\/www.easybadge.net\/wp-content\/uploads\/2025\/12\/Screenshot-2025-12-16-alle-09.26.25-300x164.png 300w, https:\/\/www.easybadge.net\/wp-content\/uploads\/2025\/12\/Screenshot-2025-12-16-alle-09.26.25-1024x561.png 1024w, https:\/\/www.easybadge.net\/wp-content\/uploads\/2025\/12\/Screenshot-2025-12-16-alle-09.26.25-768x421.png 768w, https:\/\/www.easybadge.net\/wp-content\/uploads\/2025\/12\/Screenshot-2025-12-16-alle-09.26.25-1536x842.png 1536w, https:\/\/www.easybadge.net\/wp-content\/uploads\/2025\/12\/Screenshot-2025-12-16-alle-09.26.25-2048x1123.png 2048w, https:\/\/www.easybadge.net\/wp-content\/uploads\/2025\/12\/Screenshot-2025-12-16-alle-09.26.25-18x10.png 18w\" sizes=\"(max-width: 2560px) 100vw, 2560px\" \/>\t\t\t\t\t\t\t\t\t\t\t\t\t\t\t<\/div>\n\t\t\t\t<\/div>\n\t\t\t\t\t<\/div>\n\t\t<\/div>\n\t\t\t\t\t<\/div>\n\t\t<\/section>\n\t\t\t\t<section class=\"elementor-section elementor-top-section elementor-element elementor-element-4f4b78f elementor-section-boxed elementor-section-height-default elementor-section-height-default\" data-id=\"4f4b78f\" data-element_type=\"section\" data-e-type=\"section\">\n\t\t\t\t\t\t<div class=\"elementor-container elementor-column-gap-default\">\n\t\t\t\t\t<div class=\"elementor-column elementor-col-100 elementor-top-column elementor-element elementor-element-ab5be9b\" data-id=\"ab5be9b\" data-element_type=\"column\" data-e-type=\"column\">\n\t\t\t<div class=\"elementor-widget-wrap elementor-element-populated\">\n\t\t\t\t\t\t<div class=\"elementor-element elementor-element-b0825ee elementor-widget elementor-widget-heading\" data-id=\"b0825ee\" data-element_type=\"widget\" data-e-type=\"widget\" data-widget_type=\"heading.default\">\n\t\t\t\t<div class=\"elementor-widget-container\">\n\t\t\t\t\t<h3 class=\"elementor-heading-title elementor-size-default\">Conclusione<\/h3>\t\t\t\t<\/div>\n\t\t\t\t<\/div>\n\t\t\t\t<div class=\"elementor-element elementor-element-afc2224 elementor-widget elementor-widget-text-editor\" data-id=\"afc2224\" data-element_type=\"widget\" data-e-type=\"widget\" data-widget_type=\"text-editor.default\">\n\t\t\t\t<div class=\"elementor-widget-container\">\n\t\t\t\t\t\t\t\t\tImplementare un registro visitatori efficiente \u00e8 il primo passo per una gestione pi\u00f9 intelligente e sicura degli accessi aziendali. EasyBadge.net continua a sviluppare soluzioni innovative per massimizzare l\u2019utilit\u00e0 di questi dati e garantire un\u2019integrazione efficace con il personale interno. Restate aggiornati per scoprire come possiamo rendere ancora pi\u00f9 smart il controllo degli accessi nella vostra azienda!\n\n\t\t\t\t\t\t\t\t<\/div>\n\t\t\t\t<\/div>\n\t\t\t\t\t<\/div>\n\t\t<\/div>\n\t\t\t\t\t<\/div>\n\t\t<\/section>\n\t\t\t\t<section class=\"elementor-section elementor-top-section elementor-element elementor-element-cdbb2f7 elementor-section-boxed elementor-section-height-default elementor-section-height-default\" data-id=\"cdbb2f7\" data-element_type=\"section\" data-e-type=\"section\">\n\t\t\t\t\t\t<div class=\"elementor-container elementor-column-gap-default\">\n\t\t\t\t\t<div class=\"elementor-column elementor-col-33 elementor-top-column elementor-element elementor-element-7dabe4d\" data-id=\"7dabe4d\" data-element_type=\"column\" data-e-type=\"column\">\n\t\t\t<div class=\"elementor-widget-wrap\">\n\t\t\t\t\t\t\t<\/div>\n\t\t<\/div>\n\t\t\t\t<div class=\"elementor-column elementor-col-33 elementor-top-column elementor-element elementor-element-ebf53c3\" data-id=\"ebf53c3\" data-element_type=\"column\" data-e-type=\"column\">\n\t\t\t<div class=\"elementor-widget-wrap\">\n\t\t\t\t\t\t\t<\/div>\n\t\t<\/div>\n\t\t\t\t<div class=\"elementor-column elementor-col-33 elementor-top-column elementor-element elementor-element-75135fe\" data-id=\"75135fe\" data-element_type=\"column\" data-e-type=\"column\">\n\t\t\t<div class=\"elementor-widget-wrap elementor-element-populated\">\n\t\t\t\t\t\t<div class=\"elementor-element elementor-element-1d5a711 elementor-widget elementor-widget-text-editor\" data-id=\"1d5a711\" data-element_type=\"widget\" data-e-type=\"widget\" data-widget_type=\"text-editor.default\">\n\t\t\t\t<div class=\"elementor-widget-container\">\n\t\t\t\t\t\t\t\t\t<p>03\/2025 STAFF EasyBadge<\/p>\t\t\t\t\t\t\t\t<\/div>\n\t\t\t\t<\/div>\n\t\t\t\t\t<\/div>\n\t\t<\/div>\n\t\t\t\t\t<\/div>\n\t\t<\/section>\n\t\t\t\t<\/div>\n\t\t","protected":false},"excerpt":{"rendered":"<p>Sicurezza Il Registro Visitatori: Perch\u00e9 \u00e8 Importante? Un registro visitatori \u00e8 un elemento essenziale per qualsiasi azienda che desideri mantenere un controllo accurato su chi accede ai propri locali. Questo strumento permette di catalogare tutte le persone che entrano ciclicamente nell&#8217;azienda, offrendo numerosi vantaggi in termini di sicurezza, gestione delle risorse e ottimizzazione dei processi. [&hellip;]<\/p>\n","protected":false},"author":1,"featured_media":2815,"parent":0,"menu_order":0,"comment_status":"closed","ping_status":"closed","template":"","meta":{"_monsterinsights_skip_tracking":false,"_monsterinsights_sitenote_active":false,"_monsterinsights_sitenote_note":"","_monsterinsights_sitenote_category":0,"iawp_total_views":64,"footnotes":""},"class_list":["post-2817","page","type-page","status-publish","has-post-thumbnail","hentry"],"aioseo_notices":[],"_links":{"self":[{"href":"https:\/\/www.easybadge.net\/it_it\/wp-json\/wp\/v2\/pages\/2817","targetHints":{"allow":["GET"]}}],"collection":[{"href":"https:\/\/www.easybadge.net\/it_it\/wp-json\/wp\/v2\/pages"}],"about":[{"href":"https:\/\/www.easybadge.net\/it_it\/wp-json\/wp\/v2\/types\/page"}],"author":[{"embeddable":true,"href":"https:\/\/www.easybadge.net\/it_it\/wp-json\/wp\/v2\/users\/1"}],"replies":[{"embeddable":true,"href":"https:\/\/www.easybadge.net\/it_it\/wp-json\/wp\/v2\/comments?post=2817"}],"version-history":[{"count":28,"href":"https:\/\/www.easybadge.net\/it_it\/wp-json\/wp\/v2\/pages\/2817\/revisions"}],"predecessor-version":[{"id":4158,"href":"https:\/\/www.easybadge.net\/it_it\/wp-json\/wp\/v2\/pages\/2817\/revisions\/4158"}],"wp:featuredmedia":[{"embeddable":true,"href":"https:\/\/www.easybadge.net\/it_it\/wp-json\/wp\/v2\/media\/2815"}],"wp:attachment":[{"href":"https:\/\/www.easybadge.net\/it_it\/wp-json\/wp\/v2\/media?parent=2817"}],"curies":[{"name":"wp","href":"https:\/\/api.w.org\/{rel}","templated":true}]}}