{"id":3573,"date":"2025-10-06T18:37:25","date_gmt":"2025-10-06T16:37:25","guid":{"rendered":"https:\/\/www.easybadge.net\/?page_id=3573"},"modified":"2025-12-16T10:27:02","modified_gmt":"2025-12-16T09:27:02","slug":"eliminazione-dati-utenti","status":"publish","type":"page","link":"https:\/\/www.easybadge.net\/en\/eliminazione-dati-utenti\/","title":{"rendered":"Deleting user data"},"content":{"rendered":"<div data-elementor-type=\"wp-page\" data-elementor-id=\"3573\" class=\"elementor elementor-3573\" data-elementor-post-type=\"page\">\n\t\t\t\t\t\t<section class=\"elementor-section elementor-top-section elementor-element elementor-element-f6c3b3e elementor-section-boxed elementor-section-height-default elementor-section-height-default\" data-id=\"f6c3b3e\" data-element_type=\"section\" data-e-type=\"section\">\n\t\t\t\t\t\t<div class=\"elementor-container elementor-column-gap-default\">\n\t\t\t\t\t<div class=\"elementor-column elementor-col-100 elementor-top-column elementor-element elementor-element-5e1b634\" data-id=\"5e1b634\" data-element_type=\"column\" data-e-type=\"column\">\n\t\t\t<div class=\"elementor-widget-wrap elementor-element-populated\">\n\t\t\t\t\t\t<div class=\"elementor-element elementor-element-b689227 elementor-widget elementor-widget-heading\" data-id=\"b689227\" data-element_type=\"widget\" data-e-type=\"widget\" data-widget_type=\"heading.default\">\n\t\t\t\t<div class=\"elementor-widget-container\">\n\t\t\t\t\t<h3 class=\"elementor-heading-title elementor-size-default\">Privacy \u2013 Planning<\/h3>\t\t\t\t<\/div>\n\t\t\t\t<\/div>\n\t\t\t\t<div class=\"elementor-element elementor-element-fc2b069 elementor-widget elementor-widget-heading\" data-id=\"fc2b069\" data-element_type=\"widget\" data-e-type=\"widget\" data-widget_type=\"heading.default\">\n\t\t\t\t<div class=\"elementor-widget-container\">\n\t\t\t\t\t<h2 class=\"elementor-heading-title elementor-size-default\">Deleting user data<\/h2>\t\t\t\t<\/div>\n\t\t\t\t<\/div>\n\t\t\t\t<div class=\"elementor-element elementor-element-0f1b5f5 elementor-widget elementor-widget-text-editor\" data-id=\"0f1b5f5\" data-element_type=\"widget\" data-e-type=\"widget\" data-widget_type=\"text-editor.default\">\n\t\t\t\t<div class=\"elementor-widget-container\">\n\t\t\t\t\t\t\t\t\tPersonal data is like the key to our identity: it must be carefully safeguarded and returned when no longer needed. Permanent deletion is not an option, but a concrete commitment to protecting the freedom and security of those who entrust us with their information.\t\t\t\t\t\t\t\t<\/div>\n\t\t\t\t<\/div>\n\t\t\t\t<div class=\"elementor-element elementor-element-7d16fd7 elementor-widget elementor-widget-heading\" data-id=\"7d16fd7\" data-element_type=\"widget\" data-e-type=\"widget\" data-widget_type=\"heading.default\">\n\t\t\t\t<div class=\"elementor-widget-container\">\n\t\t\t\t\t<h3 class=\"elementor-heading-title elementor-size-default\">What does \"permanent data deletion\" mean according to the GDPR (EU Regulation 2016\/679), why it is a central issue from both legal and ethical and technical perspectives.<\/h3>\t\t\t\t<\/div>\n\t\t\t\t<\/div>\n\t\t\t\t<div class=\"elementor-element elementor-element-c98d9e9 elementor-widget elementor-widget-heading\" data-id=\"c98d9e9\" data-element_type=\"widget\" data-e-type=\"widget\" data-widget_type=\"heading.default\">\n\t\t\t\t<div class=\"elementor-widget-container\">\n\t\t\t\t\t<h3 class=\"elementor-heading-title elementor-size-default\">The right to erasure (\u201cright to be forgotten\u201d)<\/h3>\t\t\t\t<\/div>\n\t\t\t\t<\/div>\n\t\t\t\t<div class=\"elementor-element elementor-element-0dccbe2 elementor-widget elementor-widget-text-editor\" data-id=\"0dccbe2\" data-element_type=\"widget\" data-e-type=\"widget\" data-widget_type=\"text-editor.default\">\n\t\t\t\t<div class=\"elementor-widget-container\">\n\t\t\t\t\t\t\t\t\tArticle 17 of the GDPR grants every European Union citizen the so-called \"right to erasure\" or \"right to be forgotten.\"\nThis means that the data subject can request that their personal data be permanently deleted from the systems of the organization that collected it, and the organization is obliged to do so without undue delay, subject to certain exceptions.\t\t\t\t\t\t\t\t<\/div>\n\t\t\t\t<\/div>\n\t\t\t\t\t<\/div>\n\t\t<\/div>\n\t\t\t\t\t<\/div>\n\t\t<\/section>\n\t\t\t\t<section class=\"elementor-section elementor-top-section elementor-element elementor-element-d11601e elementor-section-boxed elementor-section-height-default elementor-section-height-default\" data-id=\"d11601e\" data-element_type=\"section\" data-e-type=\"section\">\n\t\t\t\t\t\t<div class=\"elementor-container elementor-column-gap-default\">\n\t\t\t\t\t<div class=\"elementor-column elementor-col-100 elementor-top-column elementor-element elementor-element-ce5cd4a\" data-id=\"ce5cd4a\" data-element_type=\"column\" data-e-type=\"column\">\n\t\t\t<div class=\"elementor-widget-wrap elementor-element-populated\">\n\t\t\t\t\t\t<div class=\"elementor-element elementor-element-4cd51b5 elementor-widget elementor-widget-image\" data-id=\"4cd51b5\" data-element_type=\"widget\" data-e-type=\"widget\" data-widget_type=\"image.default\">\n\t\t\t\t<div class=\"elementor-widget-container\">\n\t\t\t\t\t\t\t\t\t\t\t\t\t\t\t<img fetchpriority=\"high\" decoding=\"async\" width=\"1384\" height=\"856\" src=\"https:\/\/www.easybadge.net\/wp-content\/uploads\/2025\/10\/Oct-07-2025-17-55-08.gif\" class=\"attachment-full size-full wp-image-3582\" alt=\"Diritto OBLIO\" \/>\t\t\t\t\t\t\t\t\t\t\t\t\t\t\t<\/div>\n\t\t\t\t<\/div>\n\t\t\t\t\t<\/div>\n\t\t<\/div>\n\t\t\t\t\t<\/div>\n\t\t<\/section>\n\t\t\t\t<section class=\"elementor-section elementor-top-section elementor-element elementor-element-37d32d6 elementor-section-boxed elementor-section-height-default elementor-section-height-default\" data-id=\"37d32d6\" data-element_type=\"section\" data-e-type=\"section\">\n\t\t\t\t\t\t<div class=\"elementor-container elementor-column-gap-default\">\n\t\t\t\t\t<div class=\"elementor-column elementor-col-100 elementor-top-column elementor-element elementor-element-f7c1372\" data-id=\"f7c1372\" data-element_type=\"column\" data-e-type=\"column\">\n\t\t\t<div class=\"elementor-widget-wrap elementor-element-populated\">\n\t\t\t\t\t\t<div class=\"elementor-element elementor-element-613f919 elementor-widget elementor-widget-text-editor\" data-id=\"613f919\" data-element_type=\"widget\" data-e-type=\"widget\" data-widget_type=\"text-editor.default\">\n\t\t\t\t<div class=\"elementor-widget-container\">\n\t\t\t\t\t\t\t\t\t<p>The customer can request the deletion of his personal data, for example, in the following cases:<br \/>\u274c The data is no longer necessary for the purposes for which it was collected.<\/p><p>\u270b Revocation of previously given consent.<br \/>\ud83d\uded1 Objection to processing and lack of overriding legitimate grounds on the part of the data controller.<\/p><p>\u26a0\ufe0f Unlawful data processing.<\/p><p>\ud83d\udce4 Legal obligation to erase data arising from European or national legislation.<\/p><p>\ud83d\udc76 Data collected from minors in the context of information society services.<\/p>\t\t\t\t\t\t\t\t<\/div>\n\t\t\t\t<\/div>\n\t\t\t\t\t<\/div>\n\t\t<\/div>\n\t\t\t\t\t<\/div>\n\t\t<\/section>\n\t\t\t\t<section class=\"elementor-section elementor-top-section elementor-element elementor-element-0e8e91c elementor-section-boxed elementor-section-height-default elementor-section-height-default\" data-id=\"0e8e91c\" data-element_type=\"section\" data-e-type=\"section\">\n\t\t\t\t\t\t<div class=\"elementor-container elementor-column-gap-default\">\n\t\t\t\t\t<div class=\"elementor-column elementor-col-100 elementor-top-column elementor-element elementor-element-1a6529f\" data-id=\"1a6529f\" data-element_type=\"column\" data-e-type=\"column\">\n\t\t\t<div class=\"elementor-widget-wrap elementor-element-populated\">\n\t\t\t\t\t\t<div class=\"elementor-element elementor-element-02e6ced elementor-widget elementor-widget-heading\" data-id=\"02e6ced\" data-element_type=\"widget\" data-e-type=\"widget\" data-widget_type=\"heading.default\">\n\t\t\t\t<div class=\"elementor-widget-container\">\n\t\t\t\t\t<h2 class=\"elementor-heading-title elementor-size-default\">ATTENTION!<\/h2>\t\t\t\t<\/div>\n\t\t\t\t<\/div>\n\t\t\t\t<div class=\"elementor-element elementor-element-34afd20 elementor-widget elementor-widget-text-editor\" data-id=\"34afd20\" data-element_type=\"widget\" data-e-type=\"widget\" data-widget_type=\"text-editor.default\">\n\t\t\t\t<div class=\"elementor-widget-container\">\n\t\t\t\t\t\t\t\t\t<p>Deletion of information is immediate and irreversible. The information cannot be recovered. Only registration data will be retained for 2 months to prevent automated deletion and multiple creation mechanisms from being interrupted.\u00a0<\/p><p>The deletion of user information will be permanently deleted after 60 days from the request and is an irreversible and non-recoverable process.<\/p><p>If necessary, you can request manual deletion by writing an email to <a href=\"mailto:info@easybadge.net\">info@easybadge.net<\/a> requesting execution.<\/p>\t\t\t\t\t\t\t\t<\/div>\n\t\t\t\t<\/div>\n\t\t\t\t\t<\/div>\n\t\t<\/div>\n\t\t\t\t\t<\/div>\n\t\t<\/section>\n\t\t\t\t<\/div>","protected":false},"excerpt":{"rendered":"<p>Privacy &#8211; Pianificazione Eliminazione dei dati dell&#8217;utente I dati personali sono come chiavi della nostra identit\u00e0: devono essere custoditi con cura e restituiti quando non servono pi\u00f9. La loro cancellazione definitiva non \u00e8 un\u2019opzione, ma un impegno concreto per proteggere la libert\u00e0 e la sicurezza di chi ci affida le proprie informazioni. Cosa significa \u201ccancellazione [&hellip;]<\/p>\n","protected":false},"author":1,"featured_media":0,"parent":0,"menu_order":0,"comment_status":"closed","ping_status":"closed","template":"","meta":{"_monsterinsights_skip_tracking":false,"_monsterinsights_sitenote_active":false,"_monsterinsights_sitenote_note":"","_monsterinsights_sitenote_category":0,"iawp_total_views":22,"footnotes":""},"class_list":["post-3573","page","type-page","status-publish","hentry"],"aioseo_notices":[],"_links":{"self":[{"href":"https:\/\/www.easybadge.net\/en\/wp-json\/wp\/v2\/pages\/3573","targetHints":{"allow":["GET"]}}],"collection":[{"href":"https:\/\/www.easybadge.net\/en\/wp-json\/wp\/v2\/pages"}],"about":[{"href":"https:\/\/www.easybadge.net\/en\/wp-json\/wp\/v2\/types\/page"}],"author":[{"embeddable":true,"href":"https:\/\/www.easybadge.net\/en\/wp-json\/wp\/v2\/users\/1"}],"replies":[{"embeddable":true,"href":"https:\/\/www.easybadge.net\/en\/wp-json\/wp\/v2\/comments?post=3573"}],"version-history":[{"count":15,"href":"https:\/\/www.easybadge.net\/en\/wp-json\/wp\/v2\/pages\/3573\/revisions"}],"predecessor-version":[{"id":3976,"href":"https:\/\/www.easybadge.net\/en\/wp-json\/wp\/v2\/pages\/3573\/revisions\/3976"}],"wp:attachment":[{"href":"https:\/\/www.easybadge.net\/en\/wp-json\/wp\/v2\/media?parent=3573"}],"curies":[{"name":"wp","href":"https:\/\/api.w.org\/{rel}","templated":true}]}}